{"id":7042,"date":"2023-06-23T19:34:46","date_gmt":"2023-06-23T17:34:46","guid":{"rendered":"https:\/\/bilshopping.dk\/produkt\/sbs-lightning-spiralkabel-17-50cm-hvid\/"},"modified":"2023-06-23T19:35:02","modified_gmt":"2023-06-23T17:35:02","slug":"sbs-lightning-spiralkabel-17-50cm-hvid","status":"publish","type":"product","link":"https:\/\/bilshopping.dk\/?product=sbs-lightning-spiralkabel-17-50cm-hvid","title":{"rendered":"SBS Lightning spiralkabel. 17-50cm &#8211; Hvid"},"content":{"rendered":"<p>Produktid er <strong>2939<\/strong> og <strong>8018417327506<\/strong><\/p>\n<h2>Anmeldelse af SBS Lightning spiralkabel. 17-50cm &#8211; Hvid<\/h2>\n<p>Se om vi har en <a href=\"https:\/\/bilshopping.dk\/592\">anmeldelse af SBS Lightning spiralkabel. 17-50cm &#8211; Hvid<\/a>.<\/p>\n","protected":false},"excerpt":{"rendered":"<p>Med dette SBS kabel kan du oplade og overf\u00f8re data mellem din Apple\u00c2\u00ae enhed, som iPhone\u00c2\u00ae, iPad\u00c2\u00ae eller iPod\u00c2\u00ae. Spiralkablets elastiske overtr\u00e6k g\u00f8r det kompakt og hindrer knuder p\u00e5 ledningerne. Kablet er 17 cm langt, men kan forl\u00e6nges til 50 cm. Et innov, SBS Lightning spiralkabel. 17-50cm &#8211; Hvid.<\/p>\n","protected":false},"featured_media":7043,"comment_status":"closed","ping_status":"open","template":"","meta":{"_kad_post_transparent":"","_kad_post_title":"","_kad_post_layout":"","_kad_post_sidebar_id":"","_kad_post_content_style":"","_kad_post_vertical_padding":"","_kad_post_feature":"","_kad_post_feature_position":"","_kad_post_header":false,"_kad_post_footer":false},"product_cat":[3211,3264],"product_tag":[3213,2988,3265],"brand":[],"class_list":{"0":"post-7042","1":"product","2":"type-product","3":"status-publish","4":"has-post-thumbnail","6":"product_cat-indvendig-tilbehoer","7":"product_cat-mobil-tilbehoer","8":"product_tag-indvendig-tilbehoer","9":"product_tag-los","10":"product_tag-mobil-tilbehoer","12":"first","13":"instock","14":"product-type-external","15":"entry","16":"content-bg","17":"loop-entry"},"_links":{"self":[{"href":"https:\/\/bilshopping.dk\/index.php?rest_route=\/wp\/v2\/product\/7042","targetHints":{"allow":["GET"]}}],"collection":[{"href":"https:\/\/bilshopping.dk\/index.php?rest_route=\/wp\/v2\/product"}],"about":[{"href":"https:\/\/bilshopping.dk\/index.php?rest_route=\/wp\/v2\/types\/product"}],"replies":[{"embeddable":true,"href":"https:\/\/bilshopping.dk\/index.php?rest_route=%2Fwp%2Fv2%2Fcomments&post=7042"}],"wp:featuredmedia":[{"embeddable":true,"href":"https:\/\/bilshopping.dk\/index.php?rest_route=\/wp\/v2\/media\/7043"}],"wp:attachment":[{"href":"https:\/\/bilshopping.dk\/index.php?rest_route=%2Fwp%2Fv2%2Fmedia&parent=7042"}],"wp:term":[{"taxonomy":"product_cat","embeddable":true,"href":"https:\/\/bilshopping.dk\/index.php?rest_route=%2Fwp%2Fv2%2Fproduct_cat&post=7042"},{"taxonomy":"product_tag","embeddable":true,"href":"https:\/\/bilshopping.dk\/index.php?rest_route=%2Fwp%2Fv2%2Fproduct_tag&post=7042"},{"taxonomy":"brand","embeddable":true,"href":"https:\/\/bilshopping.dk\/index.php?rest_route=%2Fwp%2Fv2%2Fbrand&post=7042"}],"curies":[{"name":"wp","href":"https:\/\/api.w.org\/{rel}","templated":true}]}}