{"id":7044,"date":"2023-06-23T19:34:46","date_gmt":"2023-06-23T17:34:46","guid":{"rendered":"https:\/\/bilshopping.dk\/produkt\/sbs-mobilholder-til-luftdyse-med-traadloes-opladning-sort\/"},"modified":"2023-06-23T19:35:05","modified_gmt":"2023-06-23T17:35:05","slug":"sbs-mobilholder-til-luftdyse-med-traadloes-opladning-sort","status":"publish","type":"product","link":"https:\/\/bilshopping.dk\/?product=sbs-mobilholder-til-luftdyse-med-traadloes-opladning-sort","title":{"rendered":"SBS mobilholder til luftdyse med tr\u00e5dl\u00f8s opladning &#8211; Sort"},"content":{"rendered":"<p>Produktid er <strong>2940<\/strong> og <strong>8018417276125<\/strong><\/p>\n<h2>Anmeldelse af SBS mobilholder til luftdyse med tr\u00e5dl\u00f8s opladning &#8211; Sort<\/h2>\n<p>Se om vi har en <a href=\"https:\/\/bilshopping.dk\/592\">anmeldelse af SBS mobilholder til luftdyse med tr\u00e5dl\u00f8s opladning &#8211; Sort<\/a>.<\/p>\n","protected":false},"excerpt":{"rendered":"<p>Denne SBS mobilholder g\u00f8r det muligt at placere din mobil i bilen og at oplade den tr\u00e5dl\u00f8st. Holderen, designet til enheder op til 6,5\u00e2\u0080\u009d, kommer med en clip, der fastg\u00f8res til din bils udluftning. Derudover har holderen en automatisk lukke-mekanisme. Du, SBS mobilholder til luftdyse med tr\u00e5dl\u00f8s opladning &#8211; Sort.<\/p>\n","protected":false},"featured_media":7045,"comment_status":"closed","ping_status":"open","template":"","meta":{"_kad_post_transparent":"","_kad_post_title":"","_kad_post_layout":"","_kad_post_sidebar_id":"","_kad_post_content_style":"","_kad_post_vertical_padding":"","_kad_post_feature":"","_kad_post_feature_position":"","_kad_post_header":false,"_kad_post_footer":false},"product_cat":[3211,3264],"product_tag":[3213,2988,3265],"brand":[],"class_list":{"0":"post-7044","1":"product","2":"type-product","3":"status-publish","4":"has-post-thumbnail","6":"product_cat-indvendig-tilbehoer","7":"product_cat-mobil-tilbehoer","8":"product_tag-indvendig-tilbehoer","9":"product_tag-los","10":"product_tag-mobil-tilbehoer","12":"first","13":"instock","14":"product-type-external","15":"entry","16":"content-bg","17":"loop-entry"},"_links":{"self":[{"href":"https:\/\/bilshopping.dk\/index.php?rest_route=\/wp\/v2\/product\/7044","targetHints":{"allow":["GET"]}}],"collection":[{"href":"https:\/\/bilshopping.dk\/index.php?rest_route=\/wp\/v2\/product"}],"about":[{"href":"https:\/\/bilshopping.dk\/index.php?rest_route=\/wp\/v2\/types\/product"}],"replies":[{"embeddable":true,"href":"https:\/\/bilshopping.dk\/index.php?rest_route=%2Fwp%2Fv2%2Fcomments&post=7044"}],"wp:featuredmedia":[{"embeddable":true,"href":"https:\/\/bilshopping.dk\/index.php?rest_route=\/wp\/v2\/media\/7045"}],"wp:attachment":[{"href":"https:\/\/bilshopping.dk\/index.php?rest_route=%2Fwp%2Fv2%2Fmedia&parent=7044"}],"wp:term":[{"taxonomy":"product_cat","embeddable":true,"href":"https:\/\/bilshopping.dk\/index.php?rest_route=%2Fwp%2Fv2%2Fproduct_cat&post=7044"},{"taxonomy":"product_tag","embeddable":true,"href":"https:\/\/bilshopping.dk\/index.php?rest_route=%2Fwp%2Fv2%2Fproduct_tag&post=7044"},{"taxonomy":"brand","embeddable":true,"href":"https:\/\/bilshopping.dk\/index.php?rest_route=%2Fwp%2Fv2%2Fbrand&post=7044"}],"curies":[{"name":"wp","href":"https:\/\/api.w.org\/{rel}","templated":true}]}}