{"id":7046,"date":"2023-06-23T19:34:46","date_gmt":"2023-06-23T17:34:46","guid":{"rendered":"https:\/\/bilshopping.dk\/produkt\/sbs-universel-mobilholder-med-sugekop-til-bilen-sort\/"},"modified":"2023-06-23T19:35:05","modified_gmt":"2023-06-23T17:35:05","slug":"sbs-universel-mobilholder-med-sugekop-til-bilen-sort","status":"publish","type":"product","link":"https:\/\/bilshopping.dk\/?product=sbs-universel-mobilholder-med-sugekop-til-bilen-sort","title":{"rendered":"SBS universel mobilholder med sugekop til bilen &#8211; Sort"},"content":{"rendered":"<p>Produktid er <strong>2941<\/strong> og <strong>8018417211652<\/strong><\/p>\n<h2>Anmeldelse af SBS universel mobilholder med sugekop til bilen &#8211; Sort<\/h2>\n<p>Se om vi har en <a href=\"https:\/\/bilshopping.dk\/592\">anmeldelse af SBS universel mobilholder med sugekop til bilen &#8211; Sort<\/a>.<\/p>\n","protected":false},"excerpt":{"rendered":"<p>Denne SBS mobilholder er velegnet til enheder op til 6&#8243; og roterer 360\u00c2\u00b0. Holderen kan enten fastg\u00f8res til forruden eller instrumentbr\u00e6ttet. Mobilen vil v\u00e6re sikker takket v\u00e6re grebet og sikkerhedssystemet, der ikke tillader smartphonen at bev\u00e6ge sig.<br \/>\n\tRo, SBS universel mobilholder med sugekop til bilen &#8211; Sort.<\/p>\n","protected":false},"featured_media":7045,"comment_status":"closed","ping_status":"open","template":"","meta":{"_kad_post_transparent":"","_kad_post_title":"","_kad_post_layout":"","_kad_post_sidebar_id":"","_kad_post_content_style":"","_kad_post_vertical_padding":"","_kad_post_feature":"","_kad_post_feature_position":"","_kad_post_header":false,"_kad_post_footer":false},"product_cat":[3211,3264],"product_tag":[3213,2988,3265],"brand":[],"class_list":{"0":"post-7046","1":"product","2":"type-product","3":"status-publish","4":"has-post-thumbnail","6":"product_cat-indvendig-tilbehoer","7":"product_cat-mobil-tilbehoer","8":"product_tag-indvendig-tilbehoer","9":"product_tag-los","10":"product_tag-mobil-tilbehoer","12":"first","13":"instock","14":"product-type-external","15":"entry","16":"content-bg","17":"loop-entry"},"_links":{"self":[{"href":"https:\/\/bilshopping.dk\/index.php?rest_route=\/wp\/v2\/product\/7046","targetHints":{"allow":["GET"]}}],"collection":[{"href":"https:\/\/bilshopping.dk\/index.php?rest_route=\/wp\/v2\/product"}],"about":[{"href":"https:\/\/bilshopping.dk\/index.php?rest_route=\/wp\/v2\/types\/product"}],"replies":[{"embeddable":true,"href":"https:\/\/bilshopping.dk\/index.php?rest_route=%2Fwp%2Fv2%2Fcomments&post=7046"}],"wp:featuredmedia":[{"embeddable":true,"href":"https:\/\/bilshopping.dk\/index.php?rest_route=\/wp\/v2\/media\/7045"}],"wp:attachment":[{"href":"https:\/\/bilshopping.dk\/index.php?rest_route=%2Fwp%2Fv2%2Fmedia&parent=7046"}],"wp:term":[{"taxonomy":"product_cat","embeddable":true,"href":"https:\/\/bilshopping.dk\/index.php?rest_route=%2Fwp%2Fv2%2Fproduct_cat&post=7046"},{"taxonomy":"product_tag","embeddable":true,"href":"https:\/\/bilshopping.dk\/index.php?rest_route=%2Fwp%2Fv2%2Fproduct_tag&post=7046"},{"taxonomy":"brand","embeddable":true,"href":"https:\/\/bilshopping.dk\/index.php?rest_route=%2Fwp%2Fv2%2Fbrand&post=7046"}],"curies":[{"name":"wp","href":"https:\/\/api.w.org\/{rel}","templated":true}]}}