{"id":7151,"date":"2023-06-23T19:37:27","date_gmt":"2023-06-23T17:37:27","guid":{"rendered":"https:\/\/bilshopping.dk\/produkt\/hertz-hex6-5c-w-klassiske-marine-hoejtale-165-mm\/"},"modified":"2023-06-23T19:37:32","modified_gmt":"2023-06-23T17:37:32","slug":"hertz-hex6-5c-w-klassiske-marine-hoejtale-165-mm","status":"publish","type":"product","link":"https:\/\/bilshopping.dk\/?product=hertz-hex6-5c-w-klassiske-marine-hoejtale-165-mm","title":{"rendered":"Hertz HEX6.5C-W klassiske Marine h\u00f8jtale 165 mm"},"content":{"rendered":"<p>Produktid er <strong>2999<\/strong> og <strong>8018823130110<\/strong><\/p>\n<h2>Anmeldelse af Hertz HEX6.5C-W klassiske Marine h\u00f8jtale 165 mm<\/h2>\n<p>Se om vi har en <a href=\"https:\/\/bilshopping.dk\/592\">anmeldelse af Hertz HEX6.5C-W klassiske Marine h\u00f8jtale 165 mm<\/a>.<\/p>\n","protected":false},"excerpt":{"rendered":"<p>Denne marine h\u00f8jttaler HEX 6.5 C-W fra Hertz er en koaksial h\u00f8jttaler med et klassisk gitter, der giver dig mange \u00e5rs god lyd p\u00e5 dine sejlture.<br \/>\nHertz marine h\u00f8jttaleren HEX6.5C-W er testet og udviklet til brug i et v\u00e5dt milj\u00f8. Dennes kompakte 6,5 marine h, Hertz HEX6.5C-W klassiske Marine h\u00f8jtale 165 mm.<\/p>\n","protected":false},"featured_media":7152,"comment_status":"closed","ping_status":"open","template":"","meta":{"_kad_post_transparent":"","_kad_post_title":"","_kad_post_layout":"","_kad_post_sidebar_id":"","_kad_post_content_style":"","_kad_post_vertical_padding":"","_kad_post_feature":"","_kad_post_feature_position":"","_kad_post_header":false,"_kad_post_footer":false},"product_cat":[3162,3249],"product_tag":[3164,2988,3250],"brand":[],"class_list":{"0":"post-7151","1":"product","2":"type-product","3":"status-publish","4":"has-post-thumbnail","6":"product_cat-bilstereo","7":"product_cat-marine","8":"product_tag-bilstereo","9":"product_tag-los","10":"product_tag-marine","12":"first","13":"instock","14":"product-type-external","15":"entry","16":"content-bg","17":"loop-entry"},"_links":{"self":[{"href":"https:\/\/bilshopping.dk\/index.php?rest_route=\/wp\/v2\/product\/7151","targetHints":{"allow":["GET"]}}],"collection":[{"href":"https:\/\/bilshopping.dk\/index.php?rest_route=\/wp\/v2\/product"}],"about":[{"href":"https:\/\/bilshopping.dk\/index.php?rest_route=\/wp\/v2\/types\/product"}],"replies":[{"embeddable":true,"href":"https:\/\/bilshopping.dk\/index.php?rest_route=%2Fwp%2Fv2%2Fcomments&post=7151"}],"wp:featuredmedia":[{"embeddable":true,"href":"https:\/\/bilshopping.dk\/index.php?rest_route=\/wp\/v2\/media\/7152"}],"wp:attachment":[{"href":"https:\/\/bilshopping.dk\/index.php?rest_route=%2Fwp%2Fv2%2Fmedia&parent=7151"}],"wp:term":[{"taxonomy":"product_cat","embeddable":true,"href":"https:\/\/bilshopping.dk\/index.php?rest_route=%2Fwp%2Fv2%2Fproduct_cat&post=7151"},{"taxonomy":"product_tag","embeddable":true,"href":"https:\/\/bilshopping.dk\/index.php?rest_route=%2Fwp%2Fv2%2Fproduct_tag&post=7151"},{"taxonomy":"brand","embeddable":true,"href":"https:\/\/bilshopping.dk\/index.php?rest_route=%2Fwp%2Fv2%2Fbrand&post=7151"}],"curies":[{"name":"wp","href":"https:\/\/api.w.org\/{rel}","templated":true}]}}