{"id":7166,"date":"2023-06-23T19:37:27","date_gmt":"2023-06-23T17:37:27","guid":{"rendered":"https:\/\/bilshopping.dk\/produkt\/eibach-saenkningssaet-pro-kit-til-seat-leon-3-5f\/"},"modified":"2023-06-23T19:37:40","modified_gmt":"2023-06-23T17:37:40","slug":"eibach-saenkningssaet-pro-kit-til-seat-leon-3-5f","status":"publish","type":"product","link":"https:\/\/bilshopping.dk\/?product=eibach-saenkningssaet-pro-kit-til-seat-leon-3-5f","title":{"rendered":"Eibach s\u00e6nkningss\u00e6t Pro-Kit til Seat Leon 3 (5F-)"},"content":{"rendered":"<p>Produktid er <strong>3008<\/strong> og <strong>4050278040020<\/strong><\/p>\n<h2>Anmeldelse af Eibach s\u00e6nkningss\u00e6t Pro-Kit til Seat Leon 3 (5F-)<\/h2>\n<p>Se om vi har en <a href=\"https:\/\/bilshopping.dk\/592\">anmeldelse af Eibach s\u00e6nkningss\u00e6t Pro-Kit til Seat Leon 3 (5F-)<\/a>.<\/p>\n","protected":false},"excerpt":{"rendered":"<p>S\u00e6nkning for ca.: 35 mm<br \/>\nS\u00e6nkning bag ca.: 30 mm<br \/>\nAkselv\u00e6gt for: 1075 kg<br \/>\nAkselv\u00e6gt bag: 990 kg, Eibach s\u00e6nkningss\u00e6t Pro-Kit til Seat Leon 3 (5F-).<\/p>\n","protected":false},"featured_media":7164,"comment_status":"closed","ping_status":"open","template":"","meta":{"_kad_post_transparent":"","_kad_post_title":"","_kad_post_layout":"","_kad_post_sidebar_id":"","_kad_post_content_style":"","_kad_post_vertical_padding":"","_kad_post_feature":"","_kad_post_feature_position":"","_kad_post_header":false,"_kad_post_footer":false},"product_cat":[3310,3203],"product_tag":[2988,3311,3205],"brand":[],"class_list":{"0":"post-7166","1":"product","2":"type-product","3":"status-publish","4":"has-post-thumbnail","6":"product_cat-saenkningssaet","7":"product_cat-undervogn","8":"product_tag-los","9":"product_tag-saenkningssaet","10":"product_tag-undervogn","12":"first","13":"instock","14":"sale","15":"product-type-external","16":"entry","17":"content-bg","18":"loop-entry"},"_links":{"self":[{"href":"https:\/\/bilshopping.dk\/index.php?rest_route=\/wp\/v2\/product\/7166","targetHints":{"allow":["GET"]}}],"collection":[{"href":"https:\/\/bilshopping.dk\/index.php?rest_route=\/wp\/v2\/product"}],"about":[{"href":"https:\/\/bilshopping.dk\/index.php?rest_route=\/wp\/v2\/types\/product"}],"replies":[{"embeddable":true,"href":"https:\/\/bilshopping.dk\/index.php?rest_route=%2Fwp%2Fv2%2Fcomments&post=7166"}],"wp:featuredmedia":[{"embeddable":true,"href":"https:\/\/bilshopping.dk\/index.php?rest_route=\/wp\/v2\/media\/7164"}],"wp:attachment":[{"href":"https:\/\/bilshopping.dk\/index.php?rest_route=%2Fwp%2Fv2%2Fmedia&parent=7166"}],"wp:term":[{"taxonomy":"product_cat","embeddable":true,"href":"https:\/\/bilshopping.dk\/index.php?rest_route=%2Fwp%2Fv2%2Fproduct_cat&post=7166"},{"taxonomy":"product_tag","embeddable":true,"href":"https:\/\/bilshopping.dk\/index.php?rest_route=%2Fwp%2Fv2%2Fproduct_tag&post=7166"},{"taxonomy":"brand","embeddable":true,"href":"https:\/\/bilshopping.dk\/index.php?rest_route=%2Fwp%2Fv2%2Fbrand&post=7166"}],"curies":[{"name":"wp","href":"https:\/\/api.w.org\/{rel}","templated":true}]}}