{"id":7175,"date":"2023-06-23T19:37:44","date_gmt":"2023-06-23T17:37:44","guid":{"rendered":"https:\/\/bilshopping.dk\/produkt\/xtreme-led-forlygte-kit-h7\/"},"modified":"2023-06-23T19:37:44","modified_gmt":"2023-06-23T17:37:44","slug":"xtreme-led-forlygte-kit-h7","status":"publish","type":"product","link":"https:\/\/bilshopping.dk\/?product=xtreme-led-forlygte-kit-h7","title":{"rendered":"Xtreme LED Forlygte Kit H7"},"content":{"rendered":"<p>Produktid er <strong>3013<\/strong> og <strong><\/strong><\/p>\n<h2>Anmeldelse af Xtreme LED Forlygte Kit H7<\/h2>\n<p>Se om vi har en <a href=\"https:\/\/bilshopping.dk\/592\">anmeldelse af Xtreme LED Forlygte Kit H7<\/a>.<\/p>\n","protected":false},"excerpt":{"rendered":"<p>S\u00e6rdeles kraftige LED forlygte kits, der f\u00e5s med H4, H7, H8, H9, \u00c2\u00a0H11, H13, H15, H16, \u00c2\u00a0HB3, HB4 og HIR2 fatninger. Lyset fra p\u00e6rerne er 6000K, og svarer til Xenonkits.<br \/>\nKittene er komplette med 2 lyskilder, to str\u00f8mforsyninger og ledningsnet til at udski, Xtreme LED Forlygte Kit H7.<\/p>\n","protected":false},"featured_media":7176,"comment_status":"closed","ping_status":"open","template":"","meta":{"_kad_post_transparent":"","_kad_post_title":"","_kad_post_layout":"","_kad_post_sidebar_id":"","_kad_post_content_style":"","_kad_post_vertical_padding":"","_kad_post_feature":"","_kad_post_feature_position":"","_kad_post_header":false,"_kad_post_footer":false},"product_cat":[3208,3207],"product_tag":[2988,3210,3209],"brand":[],"class_list":{"0":"post-7175","1":"product","2":"type-product","3":"status-publish","4":"has-post-thumbnail","6":"product_cat-paerer","7":"product_cat-udvendig-tilbehoer","8":"product_tag-los","9":"product_tag-paerer","10":"product_tag-udvendig-tilbehoer","12":"first","13":"instock","14":"product-type-external","15":"entry","16":"content-bg","17":"loop-entry"},"_links":{"self":[{"href":"https:\/\/bilshopping.dk\/index.php?rest_route=\/wp\/v2\/product\/7175","targetHints":{"allow":["GET"]}}],"collection":[{"href":"https:\/\/bilshopping.dk\/index.php?rest_route=\/wp\/v2\/product"}],"about":[{"href":"https:\/\/bilshopping.dk\/index.php?rest_route=\/wp\/v2\/types\/product"}],"replies":[{"embeddable":true,"href":"https:\/\/bilshopping.dk\/index.php?rest_route=%2Fwp%2Fv2%2Fcomments&post=7175"}],"wp:featuredmedia":[{"embeddable":true,"href":"https:\/\/bilshopping.dk\/index.php?rest_route=\/wp\/v2\/media\/7176"}],"wp:attachment":[{"href":"https:\/\/bilshopping.dk\/index.php?rest_route=%2Fwp%2Fv2%2Fmedia&parent=7175"}],"wp:term":[{"taxonomy":"product_cat","embeddable":true,"href":"https:\/\/bilshopping.dk\/index.php?rest_route=%2Fwp%2Fv2%2Fproduct_cat&post=7175"},{"taxonomy":"product_tag","embeddable":true,"href":"https:\/\/bilshopping.dk\/index.php?rest_route=%2Fwp%2Fv2%2Fproduct_tag&post=7175"},{"taxonomy":"brand","embeddable":true,"href":"https:\/\/bilshopping.dk\/index.php?rest_route=%2Fwp%2Fv2%2Fbrand&post=7175"}],"curies":[{"name":"wp","href":"https:\/\/api.w.org\/{rel}","templated":true}]}}