{"id":7184,"date":"2023-06-23T19:37:44","date_gmt":"2023-06-23T17:37:44","guid":{"rendered":"https:\/\/bilshopping.dk\/produkt\/thule-onto-bagageboks-med-platform\/"},"modified":"2023-06-23T19:38:01","modified_gmt":"2023-06-23T17:38:01","slug":"thule-onto-bagageboks-med-platform","status":"publish","type":"product","link":"https:\/\/bilshopping.dk\/?product=thule-onto-bagageboks-med-platform","title":{"rendered":"Thule Onto bagageboks med platform"},"content":{"rendered":"<p>Produktid er <strong>3019<\/strong> og <strong>091021091436<\/strong><\/p>\n<h2>Anmeldelse af Thule Onto bagageboks med platform<\/h2>\n<p>Se om vi har en <a href=\"https:\/\/bilshopping.dk\/592\">anmeldelse af Thule Onto bagageboks med platform<\/a>.<\/p>\n","protected":false},"excerpt":{"rendered":"<p>Thule Onto bagageboks giver bilen 300 l ekstra opbevaringsplads, som er let tilg\u00e6ngelig. Boksen monteres p\u00e5 anh\u00e6ngertr\u00e6kket, helt uden brug af v\u00e6rkt\u00f8j. Den sidder lavt p\u00e5 bagklappen, og har en vippefunktion, s\u00e5 der stadig er let adgang til bilens bagageru, Thule Onto bagageboks med platform.<\/p>\n","protected":false},"featured_media":7185,"comment_status":"closed","ping_status":"open","template":"","meta":{"_kad_post_transparent":"","_kad_post_title":"","_kad_post_layout":"","_kad_post_sidebar_id":"","_kad_post_content_style":"","_kad_post_vertical_padding":"","_kad_post_feature":"","_kad_post_feature_position":"","_kad_post_header":false,"_kad_post_footer":false},"product_cat":[3237,3184],"product_tag":[2988,3238,3186],"brand":[],"class_list":{"0":"post-7184","1":"product","2":"type-product","3":"status-publish","4":"has-post-thumbnail","6":"product_cat-tagbokse","7":"product_cat-transportudstyr","8":"product_tag-los","9":"product_tag-tagbokse","10":"product_tag-transportudstyr","12":"first","13":"instock","14":"product-type-external","15":"entry","16":"content-bg","17":"loop-entry"},"_links":{"self":[{"href":"https:\/\/bilshopping.dk\/index.php?rest_route=\/wp\/v2\/product\/7184","targetHints":{"allow":["GET"]}}],"collection":[{"href":"https:\/\/bilshopping.dk\/index.php?rest_route=\/wp\/v2\/product"}],"about":[{"href":"https:\/\/bilshopping.dk\/index.php?rest_route=\/wp\/v2\/types\/product"}],"replies":[{"embeddable":true,"href":"https:\/\/bilshopping.dk\/index.php?rest_route=%2Fwp%2Fv2%2Fcomments&post=7184"}],"wp:featuredmedia":[{"embeddable":true,"href":"https:\/\/bilshopping.dk\/index.php?rest_route=\/wp\/v2\/media\/7185"}],"wp:attachment":[{"href":"https:\/\/bilshopping.dk\/index.php?rest_route=%2Fwp%2Fv2%2Fmedia&parent=7184"}],"wp:term":[{"taxonomy":"product_cat","embeddable":true,"href":"https:\/\/bilshopping.dk\/index.php?rest_route=%2Fwp%2Fv2%2Fproduct_cat&post=7184"},{"taxonomy":"product_tag","embeddable":true,"href":"https:\/\/bilshopping.dk\/index.php?rest_route=%2Fwp%2Fv2%2Fproduct_tag&post=7184"},{"taxonomy":"brand","embeddable":true,"href":"https:\/\/bilshopping.dk\/index.php?rest_route=%2Fwp%2Fv2%2Fbrand&post=7184"}],"curies":[{"name":"wp","href":"https:\/\/api.w.org\/{rel}","templated":true}]}}