{"id":7190,"date":"2023-06-23T19:37:44","date_gmt":"2023-06-23T17:37:44","guid":{"rendered":"https:\/\/bilshopping.dk\/produkt\/basta-autoshampoo-1-ltr\/"},"modified":"2023-06-23T19:38:04","modified_gmt":"2023-06-23T17:38:04","slug":"basta-autoshampoo-1-ltr","status":"publish","type":"product","link":"https:\/\/bilshopping.dk\/?product=basta-autoshampoo-1-ltr","title":{"rendered":"Basta autoshampoo 1 ltr"},"content":{"rendered":"<p>Produktid er <strong>3022-1665<\/strong> og <strong>5706245550083<\/strong><\/p>\n<h2>Anmeldelse af Basta autoshampoo 1 ltr<\/h2>\n<p>Se om vi har en <a href=\"https:\/\/bilshopping.dk\/592\">anmeldelse af Basta autoshampoo 1 ltr<\/a>.<\/p>\n","protected":false},"excerpt":{"rendered":"<p>Hvis du g\u00e5r op i at have en l\u00e6kker og ren bil, effektiv vaskeeffekt med afrindingsmiddel, s\u00e5 er Basta autoshampoo den helt rigtige at bruge. Basta autoshampoo fjerner effektivt skidt og snavs.\u00c2\u00a0<br \/>\n\tEffektiv vaskeeffekt<br \/>\n\tMed afrindingsmiddel<br \/>\n\t\u00d8konomisk i bru, Basta autoshampoo 1 ltr.<\/p>\n","protected":false},"featured_media":7191,"comment_status":"closed","ping_status":"open","template":"","meta":{"_kad_post_transparent":"","_kad_post_title":"","_kad_post_layout":"","_kad_post_sidebar_id":"","_kad_post_content_style":"","_kad_post_vertical_padding":"","_kad_post_feature":"","_kad_post_feature_position":"","_kad_post_header":false,"_kad_post_footer":false},"product_cat":[3145,3146],"product_tag":[3147,2988,3148],"brand":[],"class_list":{"0":"post-7190","1":"product","2":"type-product","3":"status-publish","4":"has-post-thumbnail","6":"product_cat-bilpleje","7":"product_cat-vaskeprodukter","8":"product_tag-bilpleje","9":"product_tag-los","10":"product_tag-vaskeprodukter","12":"first","13":"instock","14":"sale","15":"product-type-external","16":"entry","17":"content-bg","18":"loop-entry"},"_links":{"self":[{"href":"https:\/\/bilshopping.dk\/index.php?rest_route=\/wp\/v2\/product\/7190","targetHints":{"allow":["GET"]}}],"collection":[{"href":"https:\/\/bilshopping.dk\/index.php?rest_route=\/wp\/v2\/product"}],"about":[{"href":"https:\/\/bilshopping.dk\/index.php?rest_route=\/wp\/v2\/types\/product"}],"replies":[{"embeddable":true,"href":"https:\/\/bilshopping.dk\/index.php?rest_route=%2Fwp%2Fv2%2Fcomments&post=7190"}],"wp:featuredmedia":[{"embeddable":true,"href":"https:\/\/bilshopping.dk\/index.php?rest_route=\/wp\/v2\/media\/7191"}],"wp:attachment":[{"href":"https:\/\/bilshopping.dk\/index.php?rest_route=%2Fwp%2Fv2%2Fmedia&parent=7190"}],"wp:term":[{"taxonomy":"product_cat","embeddable":true,"href":"https:\/\/bilshopping.dk\/index.php?rest_route=%2Fwp%2Fv2%2Fproduct_cat&post=7190"},{"taxonomy":"product_tag","embeddable":true,"href":"https:\/\/bilshopping.dk\/index.php?rest_route=%2Fwp%2Fv2%2Fproduct_tag&post=7190"},{"taxonomy":"brand","embeddable":true,"href":"https:\/\/bilshopping.dk\/index.php?rest_route=%2Fwp%2Fv2%2Fbrand&post=7190"}],"curies":[{"name":"wp","href":"https:\/\/api.w.org\/{rel}","templated":true}]}}