{"id":7193,"date":"2023-06-23T19:37:44","date_gmt":"2023-06-23T17:37:44","guid":{"rendered":"https:\/\/bilshopping.dk\/produkt\/thule-monterings-pose-polar-80-mm-u-beslag\/"},"modified":"2023-06-23T19:38:05","modified_gmt":"2023-06-23T17:38:05","slug":"thule-monterings-pose-polar-80-mm-u-beslag","status":"publish","type":"product","link":"https:\/\/bilshopping.dk\/?product=thule-monterings-pose-polar-80-mm-u-beslag","title":{"rendered":"Thule Monterings pose Polar 80 mm &#8211; U-beslag"},"content":{"rendered":"<p>Produktid er <strong>3023<\/strong> og <strong>4002253006774<\/strong><\/p>\n<h2>Anmeldelse af Thule Monterings pose Polar 80 mm &#8211; U-beslag<\/h2>\n<p>Se om vi har en <a href=\"https:\/\/bilshopping.dk\/592\">anmeldelse af Thule Monterings pose Polar 80 mm &#8211; U-beslag<\/a>.<\/p>\n","protected":false},"excerpt":{"rendered":"<p>Komplet monterings pose til Thule tagbokse<br \/>\nOriginal Thule monterings pose. U-B\u00f8jlens st\u00f8rrelse: 80mm. Ub\u00f8jlen er rund med gevind hele vejen rundt.<br \/>\nPasser til f\u00f8lgende modeller tagbokse:<br \/>\nOcean 80 Polar, Thule Monterings pose Polar 80 mm &#8211; U-beslag.<\/p>\n","protected":false},"featured_media":7194,"comment_status":"closed","ping_status":"open","template":"","meta":{"_kad_post_transparent":"","_kad_post_title":"","_kad_post_layout":"","_kad_post_sidebar_id":"","_kad_post_content_style":"","_kad_post_vertical_padding":"","_kad_post_feature":"","_kad_post_feature_position":"","_kad_post_header":false,"_kad_post_footer":false},"product_cat":[3237,3184],"product_tag":[2988,3238,3186],"brand":[],"class_list":{"0":"post-7193","1":"product","2":"type-product","3":"status-publish","4":"has-post-thumbnail","6":"product_cat-tagbokse","7":"product_cat-transportudstyr","8":"product_tag-los","9":"product_tag-tagbokse","10":"product_tag-transportudstyr","12":"first","13":"instock","14":"product-type-external","15":"entry","16":"content-bg","17":"loop-entry"},"_links":{"self":[{"href":"https:\/\/bilshopping.dk\/index.php?rest_route=\/wp\/v2\/product\/7193","targetHints":{"allow":["GET"]}}],"collection":[{"href":"https:\/\/bilshopping.dk\/index.php?rest_route=\/wp\/v2\/product"}],"about":[{"href":"https:\/\/bilshopping.dk\/index.php?rest_route=\/wp\/v2\/types\/product"}],"replies":[{"embeddable":true,"href":"https:\/\/bilshopping.dk\/index.php?rest_route=%2Fwp%2Fv2%2Fcomments&post=7193"}],"wp:featuredmedia":[{"embeddable":true,"href":"https:\/\/bilshopping.dk\/index.php?rest_route=\/wp\/v2\/media\/7194"}],"wp:attachment":[{"href":"https:\/\/bilshopping.dk\/index.php?rest_route=%2Fwp%2Fv2%2Fmedia&parent=7193"}],"wp:term":[{"taxonomy":"product_cat","embeddable":true,"href":"https:\/\/bilshopping.dk\/index.php?rest_route=%2Fwp%2Fv2%2Fproduct_cat&post=7193"},{"taxonomy":"product_tag","embeddable":true,"href":"https:\/\/bilshopping.dk\/index.php?rest_route=%2Fwp%2Fv2%2Fproduct_tag&post=7193"},{"taxonomy":"brand","embeddable":true,"href":"https:\/\/bilshopping.dk\/index.php?rest_route=%2Fwp%2Fv2%2Fbrand&post=7193"}],"curies":[{"name":"wp","href":"https:\/\/api.w.org\/{rel}","templated":true}]}}