{"id":7241,"date":"2023-06-23T19:38:40","date_gmt":"2023-06-23T17:38:40","guid":{"rendered":"https:\/\/bilshopping.dk\/produkt\/disney-solbeskytter-spiderman-2-stk-65x38-cm\/"},"modified":"2023-06-23T19:38:55","modified_gmt":"2023-06-23T17:38:55","slug":"disney-solbeskytter-spiderman-2-stk-65x38-cm","status":"publish","type":"product","link":"https:\/\/bilshopping.dk\/?product=disney-solbeskytter-spiderman-2-stk-65x38-cm","title":{"rendered":"Disney solbeskytter Spiderman &#8211; 2 stk. &#8211; 65&#215;38 cm"},"content":{"rendered":"<p>Produktid er <strong>3048<\/strong> og <strong>8000866102513<\/strong><\/p>\n<h2>Anmeldelse af Disney solbeskytter Spiderman &#8211; 2 stk. &#8211; 65&#215;38 cm<\/h2>\n<p>Se om vi har en <a href=\"https:\/\/bilshopping.dk\/592\">anmeldelse af Disney solbeskytter Spiderman &#8211; 2 stk. &#8211; 65&#215;38 cm<\/a>.<\/p>\n","protected":false},"excerpt":{"rendered":"<p>2 stk. solsk\u00e6rme med Disney Spiderman. Formede solsk\u00e6rme til sidevinduerne, der dekorerer bilen og mindsker solen, der str\u00f8mmer gennem sidevinduerne, hvilket g\u00f8r rejsen mere behagelig for passagererne p\u00e5 bags\u00e6det.<br \/>\n\t2 stk. formede solsk\u00e6rme<br \/>\n\tUV-beskyttelse, Disney solbeskytter Spiderman &#8211; 2 stk. &#8211; 65&#215;38 cm.<\/p>\n","protected":false},"featured_media":7242,"comment_status":"closed","ping_status":"open","template":"","meta":{"_kad_post_transparent":"","_kad_post_title":"","_kad_post_layout":"","_kad_post_sidebar_id":"","_kad_post_content_style":"","_kad_post_vertical_padding":"","_kad_post_feature":"","_kad_post_feature_position":"","_kad_post_header":false,"_kad_post_footer":false},"product_cat":[3211,3344],"product_tag":[3213,2988,3345],"brand":[],"class_list":{"0":"post-7241","1":"product","2":"type-product","3":"status-publish","4":"has-post-thumbnail","6":"product_cat-indvendig-tilbehoer","7":"product_cat-solbeskyttelse","8":"product_tag-indvendig-tilbehoer","9":"product_tag-los","10":"product_tag-solbeskyttelse","12":"first","13":"instock","14":"sale","15":"product-type-external","16":"entry","17":"content-bg","18":"loop-entry"},"_links":{"self":[{"href":"https:\/\/bilshopping.dk\/index.php?rest_route=\/wp\/v2\/product\/7241","targetHints":{"allow":["GET"]}}],"collection":[{"href":"https:\/\/bilshopping.dk\/index.php?rest_route=\/wp\/v2\/product"}],"about":[{"href":"https:\/\/bilshopping.dk\/index.php?rest_route=\/wp\/v2\/types\/product"}],"replies":[{"embeddable":true,"href":"https:\/\/bilshopping.dk\/index.php?rest_route=%2Fwp%2Fv2%2Fcomments&post=7241"}],"wp:featuredmedia":[{"embeddable":true,"href":"https:\/\/bilshopping.dk\/index.php?rest_route=\/wp\/v2\/media\/7242"}],"wp:attachment":[{"href":"https:\/\/bilshopping.dk\/index.php?rest_route=%2Fwp%2Fv2%2Fmedia&parent=7241"}],"wp:term":[{"taxonomy":"product_cat","embeddable":true,"href":"https:\/\/bilshopping.dk\/index.php?rest_route=%2Fwp%2Fv2%2Fproduct_cat&post=7241"},{"taxonomy":"product_tag","embeddable":true,"href":"https:\/\/bilshopping.dk\/index.php?rest_route=%2Fwp%2Fv2%2Fproduct_tag&post=7241"},{"taxonomy":"brand","embeddable":true,"href":"https:\/\/bilshopping.dk\/index.php?rest_route=%2Fwp%2Fv2%2Fbrand&post=7241"}],"curies":[{"name":"wp","href":"https:\/\/api.w.org\/{rel}","templated":true}]}}