{"id":7245,"date":"2023-06-23T19:38:40","date_gmt":"2023-06-23T17:38:40","guid":{"rendered":"https:\/\/bilshopping.dk\/produkt\/disney-moerklaegnings-solbeskytter-spiderman-1-stk-44x35-cm\/"},"modified":"2023-06-23T19:38:57","modified_gmt":"2023-06-23T17:38:57","slug":"disney-moerklaegnings-solbeskytter-spiderman-1-stk-44x35-cm","status":"publish","type":"product","link":"https:\/\/bilshopping.dk\/?product=disney-moerklaegnings-solbeskytter-spiderman-1-stk-44x35-cm","title":{"rendered":"Disney M\u00f8rkl\u00e6gnings solbeskytter Spiderman &#8211; 1 stk. &#8211; 44&#215;35 cm"},"content":{"rendered":"<p>Produktid er <strong>3050<\/strong> og <strong>8000866106191<\/strong><\/p>\n<h2>Anmeldelse af Disney M\u00f8rkl\u00e6gnings solbeskytter Spiderman &#8211; 1 stk. &#8211; 44&#215;35 cm<\/h2>\n<p>Se om vi har en <a href=\"https:\/\/bilshopping.dk\/592\">anmeldelse af Disney M\u00f8rkl\u00e6gnings solbeskytter Spiderman &#8211; 1 stk. &#8211; 44&#215;35 cm<\/a>.<\/p>\n","protected":false},"excerpt":{"rendered":"<p>Solafsk\u00e6rmning fra Disney til det ene sidevindue p\u00e5 bags\u00e6det, som b\u00e5de pynter bilen og giver en st\u00f8rre beskyttelsesgrad for solens str\u00e5ler gennem vinduet, hvilket giver et ekstra m\u00f8rkt bags\u00e6de. Den har statisk fastg\u00f8relse uden en sugekop funktion. Der med, Disney M\u00f8rkl\u00e6gnings solbeskytter Spiderman &#8211; 1 stk. &#8211; 44&#215;35 cm.<\/p>\n","protected":false},"featured_media":7246,"comment_status":"closed","ping_status":"open","template":"","meta":{"_kad_post_transparent":"","_kad_post_title":"","_kad_post_layout":"","_kad_post_sidebar_id":"","_kad_post_content_style":"","_kad_post_vertical_padding":"","_kad_post_feature":"","_kad_post_feature_position":"","_kad_post_header":false,"_kad_post_footer":false},"product_cat":[3211,3344],"product_tag":[3213,2988,3345],"brand":[],"class_list":{"0":"post-7245","1":"product","2":"type-product","3":"status-publish","4":"has-post-thumbnail","6":"product_cat-indvendig-tilbehoer","7":"product_cat-solbeskyttelse","8":"product_tag-indvendig-tilbehoer","9":"product_tag-los","10":"product_tag-solbeskyttelse","12":"first","13":"instock","14":"sale","15":"product-type-external","16":"entry","17":"content-bg","18":"loop-entry"},"_links":{"self":[{"href":"https:\/\/bilshopping.dk\/index.php?rest_route=\/wp\/v2\/product\/7245","targetHints":{"allow":["GET"]}}],"collection":[{"href":"https:\/\/bilshopping.dk\/index.php?rest_route=\/wp\/v2\/product"}],"about":[{"href":"https:\/\/bilshopping.dk\/index.php?rest_route=\/wp\/v2\/types\/product"}],"replies":[{"embeddable":true,"href":"https:\/\/bilshopping.dk\/index.php?rest_route=%2Fwp%2Fv2%2Fcomments&post=7245"}],"wp:featuredmedia":[{"embeddable":true,"href":"https:\/\/bilshopping.dk\/index.php?rest_route=\/wp\/v2\/media\/7246"}],"wp:attachment":[{"href":"https:\/\/bilshopping.dk\/index.php?rest_route=%2Fwp%2Fv2%2Fmedia&parent=7245"}],"wp:term":[{"taxonomy":"product_cat","embeddable":true,"href":"https:\/\/bilshopping.dk\/index.php?rest_route=%2Fwp%2Fv2%2Fproduct_cat&post=7245"},{"taxonomy":"product_tag","embeddable":true,"href":"https:\/\/bilshopping.dk\/index.php?rest_route=%2Fwp%2Fv2%2Fproduct_tag&post=7245"},{"taxonomy":"brand","embeddable":true,"href":"https:\/\/bilshopping.dk\/index.php?rest_route=%2Fwp%2Fv2%2Fbrand&post=7245"}],"curies":[{"name":"wp","href":"https:\/\/api.w.org\/{rel}","templated":true}]}}