{"id":7247,"date":"2023-06-23T19:38:40","date_gmt":"2023-06-23T17:38:40","guid":{"rendered":"https:\/\/bilshopping.dk\/produkt\/disney-isofix-selepude-med-ryg-spiderman-15-36-kg\/"},"modified":"2023-06-23T19:38:58","modified_gmt":"2023-06-23T17:38:58","slug":"disney-isofix-selepude-med-ryg-spiderman-15-36-kg","status":"publish","type":"product","link":"https:\/\/bilshopping.dk\/?product=disney-isofix-selepude-med-ryg-spiderman-15-36-kg","title":{"rendered":"Disney Isofix Selepude med ryg Spiderman (15-36 kg)"},"content":{"rendered":"<p>Produktid er <strong>3051<\/strong> og <strong>8000866105897<\/strong><\/p>\n<h2>Anmeldelse af Disney Isofix Selepude med ryg Spiderman (15-36 kg)<\/h2>\n<p>Se om vi har en <a href=\"https:\/\/bilshopping.dk\/592\">anmeldelse af Disney Isofix Selepude med ryg Spiderman (15-36 kg)<\/a>.<\/p>\n","protected":false},"excerpt":{"rendered":"<p>Barnes\u00e6de\/selepude med motiv af Spiderman. Velegnet til b\u00f8rn fra 3-12 \u00e5r, der vejer mellem 15 og 36 kg. Den har en ergonomisk form for at sikre beskyttelse og komfort p\u00e5 hele turen, og er overtrukket med komfortabelt, slidst\u00e6rkt og allergivenligt stof, so, Disney Isofix Selepude med ryg Spiderman (15-36 kg).<\/p>\n","protected":false},"featured_media":7248,"comment_status":"closed","ping_status":"open","template":"","meta":{"_kad_post_transparent":"","_kad_post_title":"","_kad_post_layout":"","_kad_post_sidebar_id":"","_kad_post_content_style":"","_kad_post_vertical_padding":"","_kad_post_feature":"","_kad_post_feature_position":"","_kad_post_header":false,"_kad_post_footer":false},"product_cat":[3211,3223],"product_tag":[3213,2988,3224],"brand":[],"class_list":{"0":"post-7247","1":"product","2":"type-product","3":"status-publish","4":"has-post-thumbnail","6":"product_cat-indvendig-tilbehoer","7":"product_cat-selepuder","8":"product_tag-indvendig-tilbehoer","9":"product_tag-los","10":"product_tag-selepuder","12":"first","13":"instock","14":"product-type-external","15":"entry","16":"content-bg","17":"loop-entry"},"_links":{"self":[{"href":"https:\/\/bilshopping.dk\/index.php?rest_route=\/wp\/v2\/product\/7247","targetHints":{"allow":["GET"]}}],"collection":[{"href":"https:\/\/bilshopping.dk\/index.php?rest_route=\/wp\/v2\/product"}],"about":[{"href":"https:\/\/bilshopping.dk\/index.php?rest_route=\/wp\/v2\/types\/product"}],"replies":[{"embeddable":true,"href":"https:\/\/bilshopping.dk\/index.php?rest_route=%2Fwp%2Fv2%2Fcomments&post=7247"}],"wp:featuredmedia":[{"embeddable":true,"href":"https:\/\/bilshopping.dk\/index.php?rest_route=\/wp\/v2\/media\/7248"}],"wp:attachment":[{"href":"https:\/\/bilshopping.dk\/index.php?rest_route=%2Fwp%2Fv2%2Fmedia&parent=7247"}],"wp:term":[{"taxonomy":"product_cat","embeddable":true,"href":"https:\/\/bilshopping.dk\/index.php?rest_route=%2Fwp%2Fv2%2Fproduct_cat&post=7247"},{"taxonomy":"product_tag","embeddable":true,"href":"https:\/\/bilshopping.dk\/index.php?rest_route=%2Fwp%2Fv2%2Fproduct_tag&post=7247"},{"taxonomy":"brand","embeddable":true,"href":"https:\/\/bilshopping.dk\/index.php?rest_route=%2Fwp%2Fv2%2Fbrand&post=7247"}],"curies":[{"name":"wp","href":"https:\/\/api.w.org\/{rel}","templated":true}]}}