{"id":7269,"date":"2023-06-23T19:39:02","date_gmt":"2023-06-23T17:39:02","guid":{"rendered":"https:\/\/bilshopping.dk\/produkt\/alpine-ilx-705d-traadloes-appel-carplay-2-din-7\/"},"modified":"2023-06-23T19:39:08","modified_gmt":"2023-06-23T17:39:08","slug":"alpine-ilx-705d-traadloes-appel-carplay-2-din-7","status":"publish","type":"product","link":"https:\/\/bilshopping.dk\/?product=alpine-ilx-705d-traadloes-appel-carplay-2-din-7","title":{"rendered":"Alpine ILX-705D tr\u00e5dl\u00f8s Appel Carplay 2-DIN 7&#8243;"},"content":{"rendered":"<p>Produktid er <strong>3063<\/strong> og <strong>4958043905225<\/strong><\/p>\n<h2>Anmeldelse af Alpine ILX-705D tr\u00e5dl\u00f8s Appel Carplay 2-DIN 7&#8243;<\/h2>\n<p>Se om vi har en <a href=\"https:\/\/bilshopping.dk\/592\">anmeldelse af Alpine ILX-705D tr\u00e5dl\u00f8s Appel Carplay 2-DIN 7&#8243;<\/a>.<\/p>\n","protected":false},"excerpt":{"rendered":"<p>7&#8243; multimedieenhed med tr\u00e5dl\u00f8s Apple CarPlay og kablet Android Auto. ILX-705D tilbyder dig de seneste medietilslutninger, mulighed for online navigering (ved Smartphone tilslutning) og selvf\u00f8lgelig Alpines overlegne lydoplevelse i bilen. Den er fuldt ud k, Alpine ILX-705D tr\u00e5dl\u00f8s Appel Carplay 2-DIN 7&#8243;.<\/p>\n","protected":false},"featured_media":7270,"comment_status":"closed","ping_status":"open","template":"","meta":{"_kad_post_transparent":"","_kad_post_title":"","_kad_post_layout":"","_kad_post_sidebar_id":"","_kad_post_content_style":"","_kad_post_vertical_padding":"","_kad_post_feature":"","_kad_post_feature_position":"","_kad_post_header":false,"_kad_post_footer":false},"product_cat":[3162,3166],"product_tag":[3164,2988,3168],"brand":[],"class_list":{"0":"post-7269","1":"product","2":"type-product","3":"status-publish","4":"has-post-thumbnail","6":"product_cat-bilstereo","7":"product_cat-multimedie","8":"product_tag-bilstereo","9":"product_tag-los","10":"product_tag-multimedie","12":"first","13":"instock","14":"sale","15":"product-type-external","16":"entry","17":"content-bg","18":"loop-entry"},"_links":{"self":[{"href":"https:\/\/bilshopping.dk\/index.php?rest_route=\/wp\/v2\/product\/7269","targetHints":{"allow":["GET"]}}],"collection":[{"href":"https:\/\/bilshopping.dk\/index.php?rest_route=\/wp\/v2\/product"}],"about":[{"href":"https:\/\/bilshopping.dk\/index.php?rest_route=\/wp\/v2\/types\/product"}],"replies":[{"embeddable":true,"href":"https:\/\/bilshopping.dk\/index.php?rest_route=%2Fwp%2Fv2%2Fcomments&post=7269"}],"wp:featuredmedia":[{"embeddable":true,"href":"https:\/\/bilshopping.dk\/index.php?rest_route=\/wp\/v2\/media\/7270"}],"wp:attachment":[{"href":"https:\/\/bilshopping.dk\/index.php?rest_route=%2Fwp%2Fv2%2Fmedia&parent=7269"}],"wp:term":[{"taxonomy":"product_cat","embeddable":true,"href":"https:\/\/bilshopping.dk\/index.php?rest_route=%2Fwp%2Fv2%2Fproduct_cat&post=7269"},{"taxonomy":"product_tag","embeddable":true,"href":"https:\/\/bilshopping.dk\/index.php?rest_route=%2Fwp%2Fv2%2Fproduct_tag&post=7269"},{"taxonomy":"brand","embeddable":true,"href":"https:\/\/bilshopping.dk\/index.php?rest_route=%2Fwp%2Fv2%2Fbrand&post=7269"}],"curies":[{"name":"wp","href":"https:\/\/api.w.org\/{rel}","templated":true}]}}