{"id":7275,"date":"2023-06-23T19:39:02","date_gmt":"2023-06-23T17:39:02","guid":{"rendered":"https:\/\/bilshopping.dk\/produkt\/alpine-ine-f904d-halo9-med-navigation\/"},"modified":"2023-06-23T19:39:10","modified_gmt":"2023-06-23T17:39:10","slug":"alpine-ine-f904d-halo9-med-navigation","status":"publish","type":"product","link":"https:\/\/bilshopping.dk\/?product=alpine-ine-f904d-halo9-med-navigation","title":{"rendered":"Alpine INE-F904D HALO9 med navigation"},"content":{"rendered":"<p>Produktid er <strong>3066<\/strong> og <strong>4958043824007<\/strong><\/p>\n<h2>Anmeldelse af Alpine INE-F904D HALO9 med navigation<\/h2>\n<p>Se om vi har en <a href=\"https:\/\/bilshopping.dk\/592\">anmeldelse af Alpine INE-F904D HALO9 med navigation<\/a>.<\/p>\n","protected":false},"excerpt":{"rendered":"<p>9&#8243; Navigationssystem til montering i biler forberedt for 1Din bilradioer.\u00c2\u00a0<br \/>\nDen meget popul\u00e6re Alpine Halo9 f\u00e5s nu ogs\u00e5 med indbygget navigation. Dette er is\u00e6r interessant for chauff\u00f8rer med autocamper. INE-F904D bringer et 9-tommers h\u00f8jopl\u00f8snings touch s, Alpine INE-F904D HALO9 med navigation.<\/p>\n","protected":false},"featured_media":7276,"comment_status":"closed","ping_status":"open","template":"","meta":{"_kad_post_transparent":"","_kad_post_title":"","_kad_post_layout":"","_kad_post_sidebar_id":"","_kad_post_content_style":"","_kad_post_vertical_padding":"","_kad_post_feature":"","_kad_post_feature_position":"","_kad_post_header":false,"_kad_post_footer":false},"product_cat":[3162,3189],"product_tag":[3164,2988,3190],"brand":[],"class_list":{"0":"post-7275","1":"product","2":"type-product","3":"status-publish","4":"has-post-thumbnail","6":"product_cat-bilstereo","7":"product_cat-navigation-til-bil","8":"product_tag-bilstereo","9":"product_tag-los","10":"product_tag-navigation-til-bil","12":"first","13":"instock","14":"sale","15":"product-type-external","16":"entry","17":"content-bg","18":"loop-entry"},"_links":{"self":[{"href":"https:\/\/bilshopping.dk\/index.php?rest_route=\/wp\/v2\/product\/7275","targetHints":{"allow":["GET"]}}],"collection":[{"href":"https:\/\/bilshopping.dk\/index.php?rest_route=\/wp\/v2\/product"}],"about":[{"href":"https:\/\/bilshopping.dk\/index.php?rest_route=\/wp\/v2\/types\/product"}],"replies":[{"embeddable":true,"href":"https:\/\/bilshopping.dk\/index.php?rest_route=%2Fwp%2Fv2%2Fcomments&post=7275"}],"wp:featuredmedia":[{"embeddable":true,"href":"https:\/\/bilshopping.dk\/index.php?rest_route=\/wp\/v2\/media\/7276"}],"wp:attachment":[{"href":"https:\/\/bilshopping.dk\/index.php?rest_route=%2Fwp%2Fv2%2Fmedia&parent=7275"}],"wp:term":[{"taxonomy":"product_cat","embeddable":true,"href":"https:\/\/bilshopping.dk\/index.php?rest_route=%2Fwp%2Fv2%2Fproduct_cat&post=7275"},{"taxonomy":"product_tag","embeddable":true,"href":"https:\/\/bilshopping.dk\/index.php?rest_route=%2Fwp%2Fv2%2Fproduct_tag&post=7275"},{"taxonomy":"brand","embeddable":true,"href":"https:\/\/bilshopping.dk\/index.php?rest_route=%2Fwp%2Fv2%2Fbrand&post=7275"}],"curies":[{"name":"wp","href":"https:\/\/api.w.org\/{rel}","templated":true}]}}