{"id":7301,"date":"2023-06-23T19:39:24","date_gmt":"2023-06-23T17:39:24","guid":{"rendered":"https:\/\/bilshopping.dk\/produkt\/buzzybee2-cykelholder-til-2-cykler\/"},"modified":"2023-06-23T19:39:27","modified_gmt":"2023-06-23T17:39:27","slug":"buzzybee2-cykelholder-til-2-cykler","status":"publish","type":"product","link":"https:\/\/bilshopping.dk\/?product=buzzybee2-cykelholder-til-2-cykler","title":{"rendered":"Buzzybee2 Cykelholder til 2 cykler"},"content":{"rendered":"<p>Produktid er <strong>3079<\/strong> og <strong>4712795383683<\/strong><\/p>\n<h2>Anmeldelse af Buzzybee2 Cykelholder til 2 cykler<\/h2>\n<p>Se om vi har en <a href=\"https:\/\/bilshopping.dk\/592\">anmeldelse af Buzzybee2 Cykelholder til 2 cykler<\/a>.<\/p>\n","protected":false},"excerpt":{"rendered":"<p>BuzzRack BUZZYBEE2-modellen har plads til 2 cykler, og er beregnet til biler med anh\u00e6ngertr\u00e6k.<br \/>\nDen har et simpelt, men st\u00e6rkt og sikkert design, som passer til de fleste cykelst\u00f8rrelser, inklusive b\u00f8rnecykler. Den anbefales dog ikke til el-cykler. Cykelho, Buzzybee2 Cykelholder til 2 cykler.<\/p>\n","protected":false},"featured_media":7302,"comment_status":"closed","ping_status":"open","template":"","meta":{"_kad_post_transparent":"","_kad_post_title":"","_kad_post_layout":"","_kad_post_sidebar_id":"","_kad_post_content_style":"","_kad_post_vertical_padding":"","_kad_post_feature":"","_kad_post_feature_position":"","_kad_post_header":false,"_kad_post_footer":false},"product_cat":[3185,3184],"product_tag":[3187,2988,3186],"brand":[],"class_list":{"0":"post-7301","1":"product","2":"type-product","3":"status-publish","4":"has-post-thumbnail","6":"product_cat-cykelholder","7":"product_cat-transportudstyr","8":"product_tag-cykelholder","9":"product_tag-los","10":"product_tag-transportudstyr","12":"first","13":"instock","14":"product-type-external","15":"entry","16":"content-bg","17":"loop-entry"},"_links":{"self":[{"href":"https:\/\/bilshopping.dk\/index.php?rest_route=\/wp\/v2\/product\/7301","targetHints":{"allow":["GET"]}}],"collection":[{"href":"https:\/\/bilshopping.dk\/index.php?rest_route=\/wp\/v2\/product"}],"about":[{"href":"https:\/\/bilshopping.dk\/index.php?rest_route=\/wp\/v2\/types\/product"}],"replies":[{"embeddable":true,"href":"https:\/\/bilshopping.dk\/index.php?rest_route=%2Fwp%2Fv2%2Fcomments&post=7301"}],"wp:featuredmedia":[{"embeddable":true,"href":"https:\/\/bilshopping.dk\/index.php?rest_route=\/wp\/v2\/media\/7302"}],"wp:attachment":[{"href":"https:\/\/bilshopping.dk\/index.php?rest_route=%2Fwp%2Fv2%2Fmedia&parent=7301"}],"wp:term":[{"taxonomy":"product_cat","embeddable":true,"href":"https:\/\/bilshopping.dk\/index.php?rest_route=%2Fwp%2Fv2%2Fproduct_cat&post=7301"},{"taxonomy":"product_tag","embeddable":true,"href":"https:\/\/bilshopping.dk\/index.php?rest_route=%2Fwp%2Fv2%2Fproduct_tag&post=7301"},{"taxonomy":"brand","embeddable":true,"href":"https:\/\/bilshopping.dk\/index.php?rest_route=%2Fwp%2Fv2%2Fbrand&post=7301"}],"curies":[{"name":"wp","href":"https:\/\/api.w.org\/{rel}","templated":true}]}}