{"id":7319,"date":"2023-06-23T19:39:24","date_gmt":"2023-06-23T17:39:24","guid":{"rendered":"https:\/\/bilshopping.dk\/produkt\/hundegitter-universal-net\/"},"modified":"2023-06-23T19:39:42","modified_gmt":"2023-06-23T17:39:42","slug":"hundegitter-universal-net","status":"publish","type":"product","link":"https:\/\/bilshopping.dk\/?product=hundegitter-universal-net","title":{"rendered":"Hundegitter universal &#8211; Net"},"content":{"rendered":"<p>Produktid er <strong>3089<\/strong> og <strong>4048961112413<\/strong><\/p>\n<h2>Anmeldelse af Hundegitter universal &#8211; Net<\/h2>\n<p>Se om vi har en <a href=\"https:\/\/bilshopping.dk\/592\">anmeldelse af Hundegitter universal &#8211; Net<\/a>.<\/p>\n","protected":false},"excerpt":{"rendered":"<p>Justerbart hundegitter, som fastg\u00f8res p\u00e5 bags\u00e6dets nakkest\u00f8tter. Gitteret er specielt designet til at beskytte chauff\u00f8rer, passagerer og k\u00e6ledyr.<br \/>\nPasser universalt i de fleste stationcars og 5-d\u00f8rs combi-coupe biler., Hundegitter universal &#8211; Net.<\/p>\n","protected":false},"featured_media":7320,"comment_status":"closed","ping_status":"open","template":"","meta":{"_kad_post_transparent":"","_kad_post_title":"","_kad_post_layout":"","_kad_post_sidebar_id":"","_kad_post_content_style":"","_kad_post_vertical_padding":"","_kad_post_feature":"","_kad_post_feature_position":"","_kad_post_header":false,"_kad_post_footer":false},"product_cat":[3348,3211],"product_tag":[3349,3213,2988],"brand":[],"class_list":{"0":"post-7319","1":"product","2":"type-product","3":"status-publish","4":"has-post-thumbnail","6":"product_cat-hund-i-bilen","7":"product_cat-indvendig-tilbehoer","8":"product_tag-hund-i-bilen","9":"product_tag-indvendig-tilbehoer","10":"product_tag-los","12":"first","13":"instock","14":"product-type-external","15":"entry","16":"content-bg","17":"loop-entry"},"_links":{"self":[{"href":"https:\/\/bilshopping.dk\/index.php?rest_route=\/wp\/v2\/product\/7319","targetHints":{"allow":["GET"]}}],"collection":[{"href":"https:\/\/bilshopping.dk\/index.php?rest_route=\/wp\/v2\/product"}],"about":[{"href":"https:\/\/bilshopping.dk\/index.php?rest_route=\/wp\/v2\/types\/product"}],"replies":[{"embeddable":true,"href":"https:\/\/bilshopping.dk\/index.php?rest_route=%2Fwp%2Fv2%2Fcomments&post=7319"}],"wp:featuredmedia":[{"embeddable":true,"href":"https:\/\/bilshopping.dk\/index.php?rest_route=\/wp\/v2\/media\/7320"}],"wp:attachment":[{"href":"https:\/\/bilshopping.dk\/index.php?rest_route=%2Fwp%2Fv2%2Fmedia&parent=7319"}],"wp:term":[{"taxonomy":"product_cat","embeddable":true,"href":"https:\/\/bilshopping.dk\/index.php?rest_route=%2Fwp%2Fv2%2Fproduct_cat&post=7319"},{"taxonomy":"product_tag","embeddable":true,"href":"https:\/\/bilshopping.dk\/index.php?rest_route=%2Fwp%2Fv2%2Fproduct_tag&post=7319"},{"taxonomy":"brand","embeddable":true,"href":"https:\/\/bilshopping.dk\/index.php?rest_route=%2Fwp%2Fv2%2Fbrand&post=7319"}],"curies":[{"name":"wp","href":"https:\/\/api.w.org\/{rel}","templated":true}]}}