{"id":7323,"date":"2023-06-23T19:39:24","date_gmt":"2023-06-23T17:39:24","guid":{"rendered":"https:\/\/bilshopping.dk\/produkt\/bagagerumstaeppe-med-side-og-kofangerbeskyttelse-nylon\/"},"modified":"2023-06-23T19:39:46","modified_gmt":"2023-06-23T17:39:46","slug":"bagagerumstaeppe-med-side-og-kofangerbeskyttelse-nylon","status":"publish","type":"product","link":"https:\/\/bilshopping.dk\/?product=bagagerumstaeppe-med-side-og-kofangerbeskyttelse-nylon","title":{"rendered":"Bagagerumst\u00e6ppe med side- og kofangerbeskyttelse &#8211; nylon"},"content":{"rendered":"<p>Produktid er <strong>3091<\/strong> og <strong>4048961109734<\/strong><\/p>\n<h2>Anmeldelse af Bagagerumst\u00e6ppe med side- og kofangerbeskyttelse &#8211; nylon<\/h2>\n<p>Se om vi har en <a href=\"https:\/\/bilshopping.dk\/592\">anmeldelse af Bagagerumst\u00e6ppe med side- og kofangerbeskyttelse &#8211; nylon<\/a>.<\/p>\n","protected":false},"excerpt":{"rendered":"<p>Dette h\u00f8jkvalitets skridsikre bagagerumst\u00e6ppet med ekstra h\u00f8je sider og kofanger beskyttelse er vand- og smudsafvisende.<br \/>\nDet monteres nemt med sn\u00f8rrer, og der er tapen p\u00e5 siderne sikrer at t\u00e6ppet ikke glidder rundt i bagagerummet., Bagagerumst\u00e6ppe med side- og kofangerbeskyttelse &#8211; nylon.<\/p>\n","protected":false},"featured_media":7324,"comment_status":"closed","ping_status":"open","template":"","meta":{"_kad_post_transparent":"","_kad_post_title":"","_kad_post_layout":"","_kad_post_sidebar_id":"","_kad_post_content_style":"","_kad_post_vertical_padding":"","_kad_post_feature":"","_kad_post_feature_position":"","_kad_post_header":false,"_kad_post_footer":false},"product_cat":[3348,3211],"product_tag":[3349,3213,2988],"brand":[],"class_list":{"0":"post-7323","1":"product","2":"type-product","3":"status-publish","4":"has-post-thumbnail","6":"product_cat-hund-i-bilen","7":"product_cat-indvendig-tilbehoer","8":"product_tag-hund-i-bilen","9":"product_tag-indvendig-tilbehoer","10":"product_tag-los","12":"first","13":"instock","14":"product-type-external","15":"entry","16":"content-bg","17":"loop-entry"},"_links":{"self":[{"href":"https:\/\/bilshopping.dk\/index.php?rest_route=\/wp\/v2\/product\/7323","targetHints":{"allow":["GET"]}}],"collection":[{"href":"https:\/\/bilshopping.dk\/index.php?rest_route=\/wp\/v2\/product"}],"about":[{"href":"https:\/\/bilshopping.dk\/index.php?rest_route=\/wp\/v2\/types\/product"}],"replies":[{"embeddable":true,"href":"https:\/\/bilshopping.dk\/index.php?rest_route=%2Fwp%2Fv2%2Fcomments&post=7323"}],"wp:featuredmedia":[{"embeddable":true,"href":"https:\/\/bilshopping.dk\/index.php?rest_route=\/wp\/v2\/media\/7324"}],"wp:attachment":[{"href":"https:\/\/bilshopping.dk\/index.php?rest_route=%2Fwp%2Fv2%2Fmedia&parent=7323"}],"wp:term":[{"taxonomy":"product_cat","embeddable":true,"href":"https:\/\/bilshopping.dk\/index.php?rest_route=%2Fwp%2Fv2%2Fproduct_cat&post=7323"},{"taxonomy":"product_tag","embeddable":true,"href":"https:\/\/bilshopping.dk\/index.php?rest_route=%2Fwp%2Fv2%2Fproduct_tag&post=7323"},{"taxonomy":"brand","embeddable":true,"href":"https:\/\/bilshopping.dk\/index.php?rest_route=%2Fwp%2Fv2%2Fbrand&post=7323"}],"curies":[{"name":"wp","href":"https:\/\/api.w.org\/{rel}","templated":true}]}}