{"id":7325,"date":"2023-06-23T19:39:24","date_gmt":"2023-06-23T17:39:24","guid":{"rendered":"https:\/\/bilshopping.dk\/produkt\/motip-autoacryl-spray-400-ml\/"},"modified":"2023-06-23T19:39:47","modified_gmt":"2023-06-23T17:39:47","slug":"motip-autoacryl-spray-400-ml","status":"publish","type":"product","link":"https:\/\/bilshopping.dk\/?product=motip-autoacryl-spray-400-ml","title":{"rendered":"Motip Autoacryl spray &#8211; 400 ml."},"content":{"rendered":"<p>Produktid er <strong>3092<\/strong> og <strong>8711347552504<\/strong><\/p>\n<h2>Anmeldelse af Motip Autoacryl spray &#8211; 400 ml.<\/h2>\n<p>Se om vi har en <a href=\"https:\/\/bilshopping.dk\/592\">anmeldelse af Motip Autoacryl spray &#8211; 400 ml.<\/a>.<\/p>\n","protected":false},"excerpt":{"rendered":"<p>Bilreparations lakker i h\u00f8j kvalitet baseret p\u00e5 de originale bil farvekoder. Til at forsk\u00f8nne og reparere bil dele.<br \/>\nKompakt systemet best\u00e5r af ikke-metalliske farver og metalliske farver., Motip Autoacryl spray &#8211; 400 ml..<\/p>\n","protected":false},"featured_media":7326,"comment_status":"closed","ping_status":"open","template":"","meta":{"_kad_post_transparent":"","_kad_post_title":"","_kad_post_layout":"","_kad_post_sidebar_id":"","_kad_post_content_style":"","_kad_post_vertical_padding":"","_kad_post_feature":"","_kad_post_feature_position":"","_kad_post_header":false,"_kad_post_footer":false},"product_cat":[3127,3141],"product_tag":[2988,3129,3142],"brand":[],"class_list":{"0":"post-7325","1":"product","2":"type-product","3":"status-publish","4":"has-post-thumbnail","6":"product_cat-olie-kemi","7":"product_cat-spray","8":"product_tag-los","9":"product_tag-olie-kemi","10":"product_tag-spray","12":"first","13":"instock","14":"product-type-external","15":"entry","16":"content-bg","17":"loop-entry"},"_links":{"self":[{"href":"https:\/\/bilshopping.dk\/index.php?rest_route=\/wp\/v2\/product\/7325","targetHints":{"allow":["GET"]}}],"collection":[{"href":"https:\/\/bilshopping.dk\/index.php?rest_route=\/wp\/v2\/product"}],"about":[{"href":"https:\/\/bilshopping.dk\/index.php?rest_route=\/wp\/v2\/types\/product"}],"replies":[{"embeddable":true,"href":"https:\/\/bilshopping.dk\/index.php?rest_route=%2Fwp%2Fv2%2Fcomments&post=7325"}],"wp:featuredmedia":[{"embeddable":true,"href":"https:\/\/bilshopping.dk\/index.php?rest_route=\/wp\/v2\/media\/7326"}],"wp:attachment":[{"href":"https:\/\/bilshopping.dk\/index.php?rest_route=%2Fwp%2Fv2%2Fmedia&parent=7325"}],"wp:term":[{"taxonomy":"product_cat","embeddable":true,"href":"https:\/\/bilshopping.dk\/index.php?rest_route=%2Fwp%2Fv2%2Fproduct_cat&post=7325"},{"taxonomy":"product_tag","embeddable":true,"href":"https:\/\/bilshopping.dk\/index.php?rest_route=%2Fwp%2Fv2%2Fproduct_tag&post=7325"},{"taxonomy":"brand","embeddable":true,"href":"https:\/\/bilshopping.dk\/index.php?rest_route=%2Fwp%2Fv2%2Fbrand&post=7325"}],"curies":[{"name":"wp","href":"https:\/\/api.w.org\/{rel}","templated":true}]}}