{"id":7329,"date":"2023-06-23T19:39:24","date_gmt":"2023-06-23T17:39:24","guid":{"rendered":"https:\/\/bilshopping.dk\/produkt\/autoglym-luftfrisker-pampero-passion-450-ml\/"},"modified":"2023-06-23T19:39:48","modified_gmt":"2023-06-23T17:39:48","slug":"autoglym-luftfrisker-pampero-passion-450-ml","status":"publish","type":"product","link":"https:\/\/bilshopping.dk\/?product=autoglym-luftfrisker-pampero-passion-450-ml","title":{"rendered":"Autoglym Luftfrisker Pampero Passion 450 ml."},"content":{"rendered":"<p>Produktid er <strong>3095<\/strong> og <strong>5035850007683<\/strong><\/p>\n<h2>Anmeldelse af Autoglym Luftfrisker Pampero Passion 450 ml.<\/h2>\n<p>Se om vi har en <a href=\"https:\/\/bilshopping.dk\/592\">anmeldelse af Autoglym Luftfrisker Pampero Passion 450 ml.<\/a>.<\/p>\n","protected":false},"excerpt":{"rendered":"<p>Hyper Fresh Pampero Passion er en effektiv og langtidsholdbar deodorant, der giver en frisk duft til k\u00f8ret\u00f8jets interi\u00f8r\/kabine. Den kraftfulde duft, bevarer sin duft i l\u00e6ngere tid end andre tilsvarende dufte. Den er ideel til alle former for k\u00f8ret\u00f8jer.<br \/>\nK, Autoglym Luftfrisker Pampero Passion 450 ml..<\/p>\n","protected":false},"featured_media":7330,"comment_status":"closed","ping_status":"open","template":"","meta":{"_kad_post_transparent":"","_kad_post_title":"","_kad_post_layout":"","_kad_post_sidebar_id":"","_kad_post_content_style":"","_kad_post_vertical_padding":"","_kad_post_feature":"","_kad_post_feature_position":"","_kad_post_header":false,"_kad_post_footer":false},"product_cat":[3145,3152],"product_tag":[3147,3153,2988],"brand":[],"class_list":{"0":"post-7329","1":"product","2":"type-product","3":"status-publish","4":"has-post-thumbnail","6":"product_cat-bilpleje","7":"product_cat-indvendig-pleje","8":"product_tag-bilpleje","9":"product_tag-indvendig-pleje","10":"product_tag-los","12":"first","13":"instock","14":"sale","15":"product-type-external","16":"entry","17":"content-bg","18":"loop-entry"},"_links":{"self":[{"href":"https:\/\/bilshopping.dk\/index.php?rest_route=\/wp\/v2\/product\/7329","targetHints":{"allow":["GET"]}}],"collection":[{"href":"https:\/\/bilshopping.dk\/index.php?rest_route=\/wp\/v2\/product"}],"about":[{"href":"https:\/\/bilshopping.dk\/index.php?rest_route=\/wp\/v2\/types\/product"}],"replies":[{"embeddable":true,"href":"https:\/\/bilshopping.dk\/index.php?rest_route=%2Fwp%2Fv2%2Fcomments&post=7329"}],"wp:featuredmedia":[{"embeddable":true,"href":"https:\/\/bilshopping.dk\/index.php?rest_route=\/wp\/v2\/media\/7330"}],"wp:attachment":[{"href":"https:\/\/bilshopping.dk\/index.php?rest_route=%2Fwp%2Fv2%2Fmedia&parent=7329"}],"wp:term":[{"taxonomy":"product_cat","embeddable":true,"href":"https:\/\/bilshopping.dk\/index.php?rest_route=%2Fwp%2Fv2%2Fproduct_cat&post=7329"},{"taxonomy":"product_tag","embeddable":true,"href":"https:\/\/bilshopping.dk\/index.php?rest_route=%2Fwp%2Fv2%2Fproduct_tag&post=7329"},{"taxonomy":"brand","embeddable":true,"href":"https:\/\/bilshopping.dk\/index.php?rest_route=%2Fwp%2Fv2%2Fbrand&post=7329"}],"curies":[{"name":"wp","href":"https:\/\/api.w.org\/{rel}","templated":true}]}}