{"id":7351,"date":"2023-06-23T19:40:30","date_gmt":"2023-06-23T17:40:30","guid":{"rendered":"https:\/\/bilshopping.dk\/produkt\/sikagard-rustbeskyttelse-sort-500-ml\/"},"modified":"2023-06-23T19:41:00","modified_gmt":"2023-06-23T17:41:00","slug":"sikagard-rustbeskyttelse-sort-500-ml","status":"publish","type":"product","link":"https:\/\/bilshopping.dk\/?product=sikagard-rustbeskyttelse-sort-500-ml","title":{"rendered":"SikaGard Rustbeskyttelse sort &#8211; 500 ml"},"content":{"rendered":"<p>Produktid er <strong>3108<\/strong> og <strong>7612894969672<\/strong><\/p>\n<h2>Anmeldelse af SikaGard Rustbeskyttelse sort &#8211; 500 ml<\/h2>\n<p>Se om vi har en <a href=\"https:\/\/bilshopping.dk\/592\">anmeldelse af SikaGard Rustbeskyttelse sort &#8211; 500 ml<\/a>.<\/p>\n","protected":false},"excerpt":{"rendered":"<p>SikaGard-6060S er en holdbar og tyktflydende bitumen-baseret undervognsbehandling med fremragende rustbeskyttende og lydd\u00e6mpende egenskaber.<br \/>\nProduktet danner et d\u00e6kkende, sejt og fleksibelt lag, som efter h\u00e6rdning er modstandsdygtigt overfor sm\u00e5sten., SikaGard Rustbeskyttelse sort &#8211; 500 ml.<\/p>\n","protected":false},"featured_media":7352,"comment_status":"closed","ping_status":"open","template":"","meta":{"_kad_post_transparent":"","_kad_post_title":"","_kad_post_layout":"","_kad_post_sidebar_id":"","_kad_post_content_style":"","_kad_post_vertical_padding":"","_kad_post_feature":"","_kad_post_feature_position":"","_kad_post_header":false,"_kad_post_footer":false},"product_cat":[3127,3139],"product_tag":[2988,3129,3140],"brand":[],"class_list":{"0":"post-7351","1":"product","2":"type-product","3":"status-publish","4":"has-post-thumbnail","6":"product_cat-olie-kemi","7":"product_cat-rustbeskyttelse","8":"product_tag-los","9":"product_tag-olie-kemi","10":"product_tag-rustbeskyttelse","12":"first","13":"instock","14":"product-type-external","15":"entry","16":"content-bg","17":"loop-entry"},"_links":{"self":[{"href":"https:\/\/bilshopping.dk\/index.php?rest_route=\/wp\/v2\/product\/7351","targetHints":{"allow":["GET"]}}],"collection":[{"href":"https:\/\/bilshopping.dk\/index.php?rest_route=\/wp\/v2\/product"}],"about":[{"href":"https:\/\/bilshopping.dk\/index.php?rest_route=\/wp\/v2\/types\/product"}],"replies":[{"embeddable":true,"href":"https:\/\/bilshopping.dk\/index.php?rest_route=%2Fwp%2Fv2%2Fcomments&post=7351"}],"wp:featuredmedia":[{"embeddable":true,"href":"https:\/\/bilshopping.dk\/index.php?rest_route=\/wp\/v2\/media\/7352"}],"wp:attachment":[{"href":"https:\/\/bilshopping.dk\/index.php?rest_route=%2Fwp%2Fv2%2Fmedia&parent=7351"}],"wp:term":[{"taxonomy":"product_cat","embeddable":true,"href":"https:\/\/bilshopping.dk\/index.php?rest_route=%2Fwp%2Fv2%2Fproduct_cat&post=7351"},{"taxonomy":"product_tag","embeddable":true,"href":"https:\/\/bilshopping.dk\/index.php?rest_route=%2Fwp%2Fv2%2Fproduct_tag&post=7351"},{"taxonomy":"brand","embeddable":true,"href":"https:\/\/bilshopping.dk\/index.php?rest_route=%2Fwp%2Fv2%2Fbrand&post=7351"}],"curies":[{"name":"wp","href":"https:\/\/api.w.org\/{rel}","templated":true}]}}