{"id":7357,"date":"2023-06-23T19:40:30","date_gmt":"2023-06-23T17:40:30","guid":{"rendered":"https:\/\/bilshopping.dk\/produkt\/digital-dynamic-ld-6269ts-62-skaerm-til-nakkestoette-indbygning\/"},"modified":"2023-06-23T19:41:03","modified_gmt":"2023-06-23T17:41:03","slug":"digital-dynamic-ld-6269ts-62-skaerm-til-nakkestoette-indbygning","status":"publish","type":"product","link":"https:\/\/bilshopping.dk\/?product=digital-dynamic-ld-6269ts-62-skaerm-til-nakkestoette-indbygning","title":{"rendered":"Digital Dynamic LD-6269TS 6,2&#8243; Sk\u00e6rm til nakkest\u00f8tte indbygning"},"content":{"rendered":"<p>Produktid er <strong>3111<\/strong> og <strong><\/strong><\/p>\n<h2>Anmeldelse af Digital Dynamic LD-6269TS 6,2&#8243; Sk\u00e6rm til nakkest\u00f8tte indbygning<\/h2>\n<p>Se om vi har en <a href=\"https:\/\/bilshopping.dk\/592\">anmeldelse af Digital Dynamic LD-6269TS 6,2&#8243; Sk\u00e6rm til nakkest\u00f8tte indbygning<\/a>.<\/p>\n","protected":false},"excerpt":{"rendered":"<p>6,2&#8243; 16:9 LCD-Monitor med IR og touchsk\u00e6rm til nakkest\u00f8tte\/dashboard montering<br \/>\n\t1 A\/V indgang<br \/>\n\tBer\u00f8ringssk\u00e6rm<br \/>\n\tTokanals IR-lydsender<br \/>\n\tIntegreret h\u00f8jttaler<br \/>\n\tNakkest\u00f8tte og enkeltst\u00e5ende monteringss\u00e6t<br \/>\n\tPAL \/ NTSC (auto)<br \/>\n\tSynsvinkel: venstre, h\u00f8jre = 120 \u00c2\u00b0, Digital Dynamic LD-6269TS 6,2&#8243; Sk\u00e6rm til nakkest\u00f8tte indbygning.<\/p>\n","protected":false},"featured_media":7358,"comment_status":"closed","ping_status":"open","template":"","meta":{"_kad_post_transparent":"","_kad_post_title":"","_kad_post_layout":"","_kad_post_sidebar_id":"","_kad_post_content_style":"","_kad_post_vertical_padding":"","_kad_post_feature":"","_kad_post_feature_position":"","_kad_post_header":false,"_kad_post_footer":false},"product_cat":[3350,3292],"product_tag":[3164,2988,3294],"brand":[],"class_list":{"0":"post-7357","1":"product","2":"type-product","3":"status-publish","4":"has-post-thumbnail","6":"product_cat-bilstereo-outlet","7":"product_cat-outlet","8":"product_tag-bilstereo","9":"product_tag-los","10":"product_tag-outlet","12":"first","13":"instock","14":"sale","15":"product-type-external","16":"entry","17":"content-bg","18":"loop-entry"},"_links":{"self":[{"href":"https:\/\/bilshopping.dk\/index.php?rest_route=\/wp\/v2\/product\/7357","targetHints":{"allow":["GET"]}}],"collection":[{"href":"https:\/\/bilshopping.dk\/index.php?rest_route=\/wp\/v2\/product"}],"about":[{"href":"https:\/\/bilshopping.dk\/index.php?rest_route=\/wp\/v2\/types\/product"}],"replies":[{"embeddable":true,"href":"https:\/\/bilshopping.dk\/index.php?rest_route=%2Fwp%2Fv2%2Fcomments&post=7357"}],"wp:featuredmedia":[{"embeddable":true,"href":"https:\/\/bilshopping.dk\/index.php?rest_route=\/wp\/v2\/media\/7358"}],"wp:attachment":[{"href":"https:\/\/bilshopping.dk\/index.php?rest_route=%2Fwp%2Fv2%2Fmedia&parent=7357"}],"wp:term":[{"taxonomy":"product_cat","embeddable":true,"href":"https:\/\/bilshopping.dk\/index.php?rest_route=%2Fwp%2Fv2%2Fproduct_cat&post=7357"},{"taxonomy":"product_tag","embeddable":true,"href":"https:\/\/bilshopping.dk\/index.php?rest_route=%2Fwp%2Fv2%2Fproduct_tag&post=7357"},{"taxonomy":"brand","embeddable":true,"href":"https:\/\/bilshopping.dk\/index.php?rest_route=%2Fwp%2Fv2%2Fbrand&post=7357"}],"curies":[{"name":"wp","href":"https:\/\/api.w.org\/{rel}","templated":true}]}}