{"id":7361,"date":"2023-06-23T19:40:30","date_gmt":"2023-06-23T17:40:30","guid":{"rendered":"https:\/\/bilshopping.dk\/produkt\/polar-is-isskraber-med-staalklinge-sort\/"},"modified":"2023-06-23T19:41:27","modified_gmt":"2023-06-23T17:41:27","slug":"polar-is-isskraber-med-staalklinge-sort","status":"publish","type":"product","link":"https:\/\/bilshopping.dk\/?product=polar-is-isskraber-med-staalklinge-sort","title":{"rendered":"Polar-Is Isskraber med st\u00e5lklinge &#8211; sort"},"content":{"rendered":"<p>Produktid er <strong>3113<\/strong> og <strong>7312280055520<\/strong><\/p>\n<h2>Anmeldelse af Polar-Is Isskraber med st\u00e5lklinge &#8211; sort<\/h2>\n<p>Se om vi har en <a href=\"https:\/\/bilshopping.dk\/592\">anmeldelse af Polar-Is Isskraber med st\u00e5lklinge &#8211; sort<\/a>.<\/p>\n","protected":false},"excerpt":{"rendered":"<p>Isskraber af slagfast plast med \u00e9n skrabeside af rustfrit st\u00e5l og \u00e9n af gummi.<br \/>\n\u00c2\u00a0, Polar-Is Isskraber med st\u00e5lklinge &#8211; sort.<\/p>\n","protected":false},"featured_media":7362,"comment_status":"closed","ping_status":"open","template":"","meta":{"_kad_post_transparent":"","_kad_post_title":"","_kad_post_layout":"","_kad_post_sidebar_id":"","_kad_post_content_style":"","_kad_post_vertical_padding":"","_kad_post_feature":"","_kad_post_feature_position":"","_kad_post_header":false,"_kad_post_footer":false},"product_cat":[3329,3207],"product_tag":[3330,2988,3209],"brand":[],"class_list":{"0":"post-7361","1":"product","2":"type-product","3":"status-publish","4":"has-post-thumbnail","6":"product_cat-diverse","7":"product_cat-udvendig-tilbehoer","8":"product_tag-diverse","9":"product_tag-los","10":"product_tag-udvendig-tilbehoer","12":"first","13":"instock","14":"product-type-external","15":"entry","16":"content-bg","17":"loop-entry"},"_links":{"self":[{"href":"https:\/\/bilshopping.dk\/index.php?rest_route=\/wp\/v2\/product\/7361","targetHints":{"allow":["GET"]}}],"collection":[{"href":"https:\/\/bilshopping.dk\/index.php?rest_route=\/wp\/v2\/product"}],"about":[{"href":"https:\/\/bilshopping.dk\/index.php?rest_route=\/wp\/v2\/types\/product"}],"replies":[{"embeddable":true,"href":"https:\/\/bilshopping.dk\/index.php?rest_route=%2Fwp%2Fv2%2Fcomments&post=7361"}],"wp:featuredmedia":[{"embeddable":true,"href":"https:\/\/bilshopping.dk\/index.php?rest_route=\/wp\/v2\/media\/7362"}],"wp:attachment":[{"href":"https:\/\/bilshopping.dk\/index.php?rest_route=%2Fwp%2Fv2%2Fmedia&parent=7361"}],"wp:term":[{"taxonomy":"product_cat","embeddable":true,"href":"https:\/\/bilshopping.dk\/index.php?rest_route=%2Fwp%2Fv2%2Fproduct_cat&post=7361"},{"taxonomy":"product_tag","embeddable":true,"href":"https:\/\/bilshopping.dk\/index.php?rest_route=%2Fwp%2Fv2%2Fproduct_tag&post=7361"},{"taxonomy":"brand","embeddable":true,"href":"https:\/\/bilshopping.dk\/index.php?rest_route=%2Fwp%2Fv2%2Fbrand&post=7361"}],"curies":[{"name":"wp","href":"https:\/\/api.w.org\/{rel}","templated":true}]}}