{"id":7374,"date":"2023-06-23T19:41:33","date_gmt":"2023-06-23T17:41:33","guid":{"rendered":"https:\/\/bilshopping.dk\/produkt\/holtz-firegum-udstoednings-reparations-pasta-150-gr\/"},"modified":"2023-06-23T19:41:35","modified_gmt":"2023-06-23T17:41:35","slug":"holtz-firegum-udstoednings-reparations-pasta-150-gr","status":"publish","type":"product","link":"https:\/\/bilshopping.dk\/?product=holtz-firegum-udstoednings-reparations-pasta-150-gr","title":{"rendered":"Holtz firegum \/ Udst\u00f8dnings Reparations Pasta 150 gr."},"content":{"rendered":"<p>Produktid er <strong>3124<\/strong> og <strong>5010218330313<\/strong><\/p>\n<h2>Anmeldelse af Holtz firegum \/ Udst\u00f8dnings Reparations Pasta 150 gr.<\/h2>\n<p>Se om vi har en <a href=\"https:\/\/bilshopping.dk\/592\">anmeldelse af Holtz firegum \/ Udst\u00f8dnings Reparations Pasta 150 gr.<\/a>.<\/p>\n","protected":false},"excerpt":{"rendered":"<p>Holts Firegum er en udst\u00f8dningspasta, der er specielt udviklet til at give dig gast\u00e6tte t\u00e6tninger i samlinger, hvor pasformen er d\u00e5rlig eller pakningen er svigtet. Den er hurtig og nem at bruge til hurtig montering, hvilket g\u00f8r den perfekt til udskiftning, Holtz firegum \/ Udst\u00f8dnings Reparations Pasta 150 gr..<\/p>\n","protected":false},"featured_media":7375,"comment_status":"closed","ping_status":"open","template":"","meta":{"_kad_post_transparent":"","_kad_post_title":"","_kad_post_layout":"","_kad_post_sidebar_id":"","_kad_post_content_style":"","_kad_post_vertical_padding":"","_kad_post_feature":"","_kad_post_feature_position":"","_kad_post_header":false,"_kad_post_footer":false},"product_cat":[3127,3143],"product_tag":[2988,3129,3144],"brand":[],"class_list":{"0":"post-7374","1":"product","2":"type-product","3":"status-publish","4":"has-post-thumbnail","6":"product_cat-olie-kemi","7":"product_cat-pakning-lim-diverse","8":"product_tag-los","9":"product_tag-olie-kemi","10":"product_tag-pakning-lim-diverse","12":"first","13":"instock","14":"product-type-external","15":"entry","16":"content-bg","17":"loop-entry"},"_links":{"self":[{"href":"https:\/\/bilshopping.dk\/index.php?rest_route=\/wp\/v2\/product\/7374","targetHints":{"allow":["GET"]}}],"collection":[{"href":"https:\/\/bilshopping.dk\/index.php?rest_route=\/wp\/v2\/product"}],"about":[{"href":"https:\/\/bilshopping.dk\/index.php?rest_route=\/wp\/v2\/types\/product"}],"replies":[{"embeddable":true,"href":"https:\/\/bilshopping.dk\/index.php?rest_route=%2Fwp%2Fv2%2Fcomments&post=7374"}],"wp:featuredmedia":[{"embeddable":true,"href":"https:\/\/bilshopping.dk\/index.php?rest_route=\/wp\/v2\/media\/7375"}],"wp:attachment":[{"href":"https:\/\/bilshopping.dk\/index.php?rest_route=%2Fwp%2Fv2%2Fmedia&parent=7374"}],"wp:term":[{"taxonomy":"product_cat","embeddable":true,"href":"https:\/\/bilshopping.dk\/index.php?rest_route=%2Fwp%2Fv2%2Fproduct_cat&post=7374"},{"taxonomy":"product_tag","embeddable":true,"href":"https:\/\/bilshopping.dk\/index.php?rest_route=%2Fwp%2Fv2%2Fproduct_tag&post=7374"},{"taxonomy":"brand","embeddable":true,"href":"https:\/\/bilshopping.dk\/index.php?rest_route=%2Fwp%2Fv2%2Fbrand&post=7374"}],"curies":[{"name":"wp","href":"https:\/\/api.w.org\/{rel}","templated":true}]}}