{"id":7378,"date":"2023-06-23T19:41:33","date_gmt":"2023-06-23T17:41:33","guid":{"rendered":"https:\/\/bilshopping.dk\/produkt\/innotec-haandrens-safehand-clean-plus-3-ltr\/"},"modified":"2023-06-23T19:41:36","modified_gmt":"2023-06-23T17:41:36","slug":"innotec-haandrens-safehand-clean-plus-3-ltr","status":"publish","type":"product","link":"https:\/\/bilshopping.dk\/?product=innotec-haandrens-safehand-clean-plus-3-ltr","title":{"rendered":"Innotec H\u00e5ndrens \/ Safehand clean plus 3 ltr."},"content":{"rendered":"<p>Produktid er <strong>3126<\/strong> og <strong>5400563036877<\/strong><\/p>\n<h2>Anmeldelse af Innotec H\u00e5ndrens \/ Safehand clean plus 3 ltr.<\/h2>\n<p>Se om vi har en <a href=\"https:\/\/bilshopping.dk\/592\">anmeldelse af Innotec H\u00e5ndrens \/ Safehand clean plus 3 ltr.<\/a>.<\/p>\n","protected":false},"excerpt":{"rendered":"<p>Safe Hand Clean Plus er en unik, multifunktionel h\u00e5nds\u00e6be, der fjerner forskellige slags snavs fra h\u00e6nderne p\u00e5 en sikker m\u00e5de og efterlader et beskyttende fugtgivende lag.<br \/>\n\tMultifunktionel h\u00e5ndrens\/s\u00e6be.<br \/>\n\tHurtig og sikker reng\u00f8ring af h\u00e6nder.<br \/>\n\tHudvenlig s, Innotec H\u00e5ndrens \/ Safehand clean plus 3 ltr..<\/p>\n","protected":false},"featured_media":7379,"comment_status":"closed","ping_status":"open","template":"","meta":{"_kad_post_transparent":"","_kad_post_title":"","_kad_post_layout":"","_kad_post_sidebar_id":"","_kad_post_content_style":"","_kad_post_vertical_padding":"","_kad_post_feature":"","_kad_post_feature_position":"","_kad_post_header":false,"_kad_post_footer":false},"product_cat":[3266,3127],"product_tag":[3267,2988,3129],"brand":[],"class_list":{"0":"post-7378","1":"product","2":"type-product","3":"status-publish","4":"has-post-thumbnail","6":"product_cat-haandrens","7":"product_cat-olie-kemi","8":"product_tag-haandrens","9":"product_tag-los","10":"product_tag-olie-kemi","12":"first","13":"instock","14":"product-type-external","15":"entry","16":"content-bg","17":"loop-entry"},"_links":{"self":[{"href":"https:\/\/bilshopping.dk\/index.php?rest_route=\/wp\/v2\/product\/7378","targetHints":{"allow":["GET"]}}],"collection":[{"href":"https:\/\/bilshopping.dk\/index.php?rest_route=\/wp\/v2\/product"}],"about":[{"href":"https:\/\/bilshopping.dk\/index.php?rest_route=\/wp\/v2\/types\/product"}],"replies":[{"embeddable":true,"href":"https:\/\/bilshopping.dk\/index.php?rest_route=%2Fwp%2Fv2%2Fcomments&post=7378"}],"wp:featuredmedia":[{"embeddable":true,"href":"https:\/\/bilshopping.dk\/index.php?rest_route=\/wp\/v2\/media\/7379"}],"wp:attachment":[{"href":"https:\/\/bilshopping.dk\/index.php?rest_route=%2Fwp%2Fv2%2Fmedia&parent=7378"}],"wp:term":[{"taxonomy":"product_cat","embeddable":true,"href":"https:\/\/bilshopping.dk\/index.php?rest_route=%2Fwp%2Fv2%2Fproduct_cat&post=7378"},{"taxonomy":"product_tag","embeddable":true,"href":"https:\/\/bilshopping.dk\/index.php?rest_route=%2Fwp%2Fv2%2Fproduct_tag&post=7378"},{"taxonomy":"brand","embeddable":true,"href":"https:\/\/bilshopping.dk\/index.php?rest_route=%2Fwp%2Fv2%2Fbrand&post=7378"}],"curies":[{"name":"wp","href":"https:\/\/api.w.org\/{rel}","templated":true}]}}