{"id":7388,"date":"2023-06-23T19:41:33","date_gmt":"2023-06-23T17:41:33","guid":{"rendered":"https:\/\/bilshopping.dk\/produkt\/hjulholder-inkl-cover\/"},"modified":"2023-06-23T19:41:44","modified_gmt":"2023-06-23T17:41:44","slug":"hjulholder-inkl-cover","status":"publish","type":"product","link":"https:\/\/bilshopping.dk\/?product=hjulholder-inkl-cover","title":{"rendered":"Hjulholder inkl. cover"},"content":{"rendered":"<p>Produktid er <strong>3131<\/strong> og <strong>8711293397549<\/strong><\/p>\n<h2>Anmeldelse af Hjulholder inkl. cover<\/h2>\n<p>Se om vi har en <a href=\"https:\/\/bilshopping.dk\/592\">anmeldelse af Hjulholder inkl. cover<\/a>.<\/p>\n","protected":false},"excerpt":{"rendered":"<p>Hjulstativ med overtr\u00e6k til sikker og ideel opbevaring af f\u00e6lge med sommer- eller vinterd\u00e6k i v\u00e6rksted eller garagen.<br \/>\nVelegnet til alle almindelige bilf\u00e6lge med en d\u00e6kbredde p\u00e5 22,5 cm.<br \/>\nMed de fire plastikholdere kan stativet nemt kan rumme 4 standardbild, Hjulholder inkl. cover.<\/p>\n","protected":false},"featured_media":7389,"comment_status":"closed","ping_status":"open","template":"","meta":{"_kad_post_transparent":"","_kad_post_title":"","_kad_post_layout":"","_kad_post_sidebar_id":"","_kad_post_content_style":"","_kad_post_vertical_padding":"","_kad_post_feature":"","_kad_post_feature_position":"","_kad_post_header":false,"_kad_post_footer":false},"product_cat":[3243],"product_tag":[2988,3244],"brand":[],"class_list":{"0":"post-7388","1":"product","2":"type-product","3":"status-publish","4":"has-post-thumbnail","6":"product_cat-vaerktoej","7":"product_tag-los","8":"product_tag-vaerktoej","10":"first","11":"instock","12":"sale","13":"product-type-external","14":"entry","15":"content-bg","16":"loop-entry"},"_links":{"self":[{"href":"https:\/\/bilshopping.dk\/index.php?rest_route=\/wp\/v2\/product\/7388","targetHints":{"allow":["GET"]}}],"collection":[{"href":"https:\/\/bilshopping.dk\/index.php?rest_route=\/wp\/v2\/product"}],"about":[{"href":"https:\/\/bilshopping.dk\/index.php?rest_route=\/wp\/v2\/types\/product"}],"replies":[{"embeddable":true,"href":"https:\/\/bilshopping.dk\/index.php?rest_route=%2Fwp%2Fv2%2Fcomments&post=7388"}],"wp:featuredmedia":[{"embeddable":true,"href":"https:\/\/bilshopping.dk\/index.php?rest_route=\/wp\/v2\/media\/7389"}],"wp:attachment":[{"href":"https:\/\/bilshopping.dk\/index.php?rest_route=%2Fwp%2Fv2%2Fmedia&parent=7388"}],"wp:term":[{"taxonomy":"product_cat","embeddable":true,"href":"https:\/\/bilshopping.dk\/index.php?rest_route=%2Fwp%2Fv2%2Fproduct_cat&post=7388"},{"taxonomy":"product_tag","embeddable":true,"href":"https:\/\/bilshopping.dk\/index.php?rest_route=%2Fwp%2Fv2%2Fproduct_tag&post=7388"},{"taxonomy":"brand","embeddable":true,"href":"https:\/\/bilshopping.dk\/index.php?rest_route=%2Fwp%2Fv2%2Fbrand&post=7388"}],"curies":[{"name":"wp","href":"https:\/\/api.w.org\/{rel}","templated":true}]}}