{"id":7398,"date":"2023-06-23T19:41:33","date_gmt":"2023-06-23T17:41:33","guid":{"rendered":"https:\/\/bilshopping.dk\/produkt\/pinolpaere-1218vdc-38mm-8-x-smd-varm-hvid-1-stk\/"},"modified":"2023-06-23T19:41:50","modified_gmt":"2023-06-23T17:41:50","slug":"pinolpaere-1218vdc-38mm-8-x-smd-varm-hvid-1-stk","status":"publish","type":"product","link":"https:\/\/bilshopping.dk\/?product=pinolpaere-1218vdc-38mm-8-x-smd-varm-hvid-1-stk","title":{"rendered":"Pinolp\u00e6re 12~18Vdc 38mm 8 x SMD &#8211; Varm hvid &#8211; 1 stk."},"content":{"rendered":"<p>Produktid er <strong>3136<\/strong> og <strong><\/strong><\/p>\n<h2>Anmeldelse af Pinolp\u00e6re 12~18Vdc 38mm 8 x SMD &#8211; Varm hvid &#8211; 1 stk.<\/h2>\n<p>Se om vi har en <a href=\"https:\/\/bilshopping.dk\/592\">anmeldelse af Pinolp\u00e6re 12~18Vdc 38mm 8 x SMD &#8211; Varm hvid &#8211; 1 stk.<\/a>.<\/p>\n","protected":false},"excerpt":{"rendered":"<p>38 mm LED pinolp\u00e6re med 8 kraftige SMD dioder placeret s\u00e5ledes at der er lys hele vejen rundt.<br \/>\nDet varm hvide lys g\u00f8r p\u00e6ren s\u00e6rlig velegnet til anvendelse i campingvogne og b\u00e5de, da farven ligner almindelige gl\u00f8dep\u00e6rer.<br \/>\nP\u00e6ren har indbygget 12~18V sp\u00e6nding, Pinolp\u00e6re 12~18Vdc 38mm 8 x SMD &#8211; Varm hvid &#8211; 1 stk..<\/p>\n","protected":false},"featured_media":7399,"comment_status":"closed","ping_status":"open","template":"","meta":{"_kad_post_transparent":"","_kad_post_title":"","_kad_post_layout":"","_kad_post_sidebar_id":"","_kad_post_content_style":"","_kad_post_vertical_padding":"","_kad_post_feature":"","_kad_post_feature_position":"","_kad_post_header":false,"_kad_post_footer":false},"product_cat":[3208,3207],"product_tag":[2988,3210,3209],"brand":[],"class_list":{"0":"post-7398","1":"product","2":"type-product","3":"status-publish","4":"has-post-thumbnail","6":"product_cat-paerer","7":"product_cat-udvendig-tilbehoer","8":"product_tag-los","9":"product_tag-paerer","10":"product_tag-udvendig-tilbehoer","12":"first","13":"instock","14":"product-type-external","15":"entry","16":"content-bg","17":"loop-entry"},"_links":{"self":[{"href":"https:\/\/bilshopping.dk\/index.php?rest_route=\/wp\/v2\/product\/7398","targetHints":{"allow":["GET"]}}],"collection":[{"href":"https:\/\/bilshopping.dk\/index.php?rest_route=\/wp\/v2\/product"}],"about":[{"href":"https:\/\/bilshopping.dk\/index.php?rest_route=\/wp\/v2\/types\/product"}],"replies":[{"embeddable":true,"href":"https:\/\/bilshopping.dk\/index.php?rest_route=%2Fwp%2Fv2%2Fcomments&post=7398"}],"wp:featuredmedia":[{"embeddable":true,"href":"https:\/\/bilshopping.dk\/index.php?rest_route=\/wp\/v2\/media\/7399"}],"wp:attachment":[{"href":"https:\/\/bilshopping.dk\/index.php?rest_route=%2Fwp%2Fv2%2Fmedia&parent=7398"}],"wp:term":[{"taxonomy":"product_cat","embeddable":true,"href":"https:\/\/bilshopping.dk\/index.php?rest_route=%2Fwp%2Fv2%2Fproduct_cat&post=7398"},{"taxonomy":"product_tag","embeddable":true,"href":"https:\/\/bilshopping.dk\/index.php?rest_route=%2Fwp%2Fv2%2Fproduct_tag&post=7398"},{"taxonomy":"brand","embeddable":true,"href":"https:\/\/bilshopping.dk\/index.php?rest_route=%2Fwp%2Fv2%2Fbrand&post=7398"}],"curies":[{"name":"wp","href":"https:\/\/api.w.org\/{rel}","templated":true}]}}