{"id":7408,"date":"2023-06-23T19:41:53","date_gmt":"2023-06-23T17:41:53","guid":{"rendered":"https:\/\/bilshopping.dk\/produkt\/autoglym-ruderens-autoglym-window-clean-no-49-25-ltr\/"},"modified":"2023-06-23T19:41:56","modified_gmt":"2023-06-23T17:41:56","slug":"autoglym-ruderens-autoglym-window-clean-no-49-25-ltr","status":"publish","type":"product","link":"https:\/\/bilshopping.dk\/?product=autoglym-ruderens-autoglym-window-clean-no-49-25-ltr","title":{"rendered":"Autoglym Ruderens &#8211; AutoGlym Window Clean No.49 25 ltr"},"content":{"rendered":"<p>Produktid er <strong>3139-1671<\/strong> og <strong><\/strong><\/p>\n<h2>Anmeldelse af Autoglym Ruderens &#8211; AutoGlym Window Clean No.49 25 ltr<\/h2>\n<p>Se om vi har en <a href=\"https:\/\/bilshopping.dk\/592\">anmeldelse af Autoglym Ruderens &#8211; AutoGlym Window Clean No.49 25 ltr<\/a>.<\/p>\n","protected":false},"excerpt":{"rendered":"<p>Effektiv ruderens til indvendig og udvendig brug. Et hurtigt \u00e2\u0080\u009dspray-p\u00e5-og-t\u00f8r-af\u00e2\u0080\u009d produkt der ikke efterlader irriterende fedtede striber. Fremstillet uden slibemidler, silikone og voks. Fjerner insektrester, olie, fedt, plantesaft og fugleklatter. Ka, Autoglym Ruderens &#8211; AutoGlym Window Clean No.49 25 ltr.<\/p>\n","protected":false},"featured_media":7409,"comment_status":"closed","ping_status":"open","template":"","meta":{"_kad_post_transparent":"","_kad_post_title":"","_kad_post_layout":"","_kad_post_sidebar_id":"","_kad_post_content_style":"","_kad_post_vertical_padding":"","_kad_post_feature":"","_kad_post_feature_position":"","_kad_post_header":false,"_kad_post_footer":false},"product_cat":[3276,3145],"product_tag":[3277,3147,2988],"brand":[],"class_list":{"0":"post-7408","1":"product","2":"type-product","3":"status-publish","4":"has-post-thumbnail","6":"product_cat-autoglym-professional","7":"product_cat-bilpleje","8":"product_tag-autoglym-professional","9":"product_tag-bilpleje","10":"product_tag-los","12":"first","13":"instock","14":"sale","15":"product-type-external","16":"entry","17":"content-bg","18":"loop-entry"},"_links":{"self":[{"href":"https:\/\/bilshopping.dk\/index.php?rest_route=\/wp\/v2\/product\/7408","targetHints":{"allow":["GET"]}}],"collection":[{"href":"https:\/\/bilshopping.dk\/index.php?rest_route=\/wp\/v2\/product"}],"about":[{"href":"https:\/\/bilshopping.dk\/index.php?rest_route=\/wp\/v2\/types\/product"}],"replies":[{"embeddable":true,"href":"https:\/\/bilshopping.dk\/index.php?rest_route=%2Fwp%2Fv2%2Fcomments&post=7408"}],"wp:featuredmedia":[{"embeddable":true,"href":"https:\/\/bilshopping.dk\/index.php?rest_route=\/wp\/v2\/media\/7409"}],"wp:attachment":[{"href":"https:\/\/bilshopping.dk\/index.php?rest_route=%2Fwp%2Fv2%2Fmedia&parent=7408"}],"wp:term":[{"taxonomy":"product_cat","embeddable":true,"href":"https:\/\/bilshopping.dk\/index.php?rest_route=%2Fwp%2Fv2%2Fproduct_cat&post=7408"},{"taxonomy":"product_tag","embeddable":true,"href":"https:\/\/bilshopping.dk\/index.php?rest_route=%2Fwp%2Fv2%2Fproduct_tag&post=7408"},{"taxonomy":"brand","embeddable":true,"href":"https:\/\/bilshopping.dk\/index.php?rest_route=%2Fwp%2Fv2%2Fbrand&post=7408"}],"curies":[{"name":"wp","href":"https:\/\/api.w.org\/{rel}","templated":true}]}}