{"id":7414,"date":"2023-06-23T19:41:53","date_gmt":"2023-06-23T17:41:53","guid":{"rendered":"https:\/\/bilshopping.dk\/produkt\/autoglym-vinylmakeup-1-ltr-autoglym-plastic-trim-conditioner-no-39b\/"},"modified":"2023-06-23T19:42:00","modified_gmt":"2023-06-23T17:42:00","slug":"autoglym-vinylmakeup-1-ltr-autoglym-plastic-trim-conditioner-no-39b","status":"publish","type":"product","link":"https:\/\/bilshopping.dk\/?product=autoglym-vinylmakeup-1-ltr-autoglym-plastic-trim-conditioner-no-39b","title":{"rendered":"Autoglym Vinylmakeup 1 ltr. &#8211; AutoGlym Plastic &#038; Trim Conditioner No.39B"},"content":{"rendered":"<p>Produktid er <strong>3141<\/strong> og <strong><\/strong><\/p>\n<h2>Anmeldelse af Autoglym Vinylmakeup 1 ltr. &#8211; AutoGlym Plastic &#038; Trim Conditioner No.39B<\/h2>\n<p>Se om vi har en <a href=\"https:\/\/bilshopping.dk\/592\">anmeldelse af Autoglym Vinylmakeup 1 ltr. &#8211; AutoGlym Plastic &#038; Trim Conditioner No.39B<\/a>.<\/p>\n","protected":false},"excerpt":{"rendered":"<p>Genopretter og beskytter udvendige plastdele, kofangere, gummilister, spejlhuse etc.<br \/>\nIndeholder harpikspolymer som g\u00f8r behandlede dele modstandsdygtige overfor regn, \u00e6lde og falmning pga. UV-str\u00e5ling. Den gel\u00e9-agtige konsistens g\u00f8r p\u00e5f\u00f8ring nem og hurtig., Autoglym Vinylmakeup 1 ltr. &#8211; AutoGlym Plastic &#038; Trim Conditioner No.39B.<\/p>\n","protected":false},"featured_media":7415,"comment_status":"closed","ping_status":"open","template":"","meta":{"_kad_post_transparent":"","_kad_post_title":"","_kad_post_layout":"","_kad_post_sidebar_id":"","_kad_post_content_style":"","_kad_post_vertical_padding":"","_kad_post_feature":"","_kad_post_feature_position":"","_kad_post_header":false,"_kad_post_footer":false},"product_cat":[3145,3154],"product_tag":[3147,2988,3155],"brand":[],"class_list":{"0":"post-7414","1":"product","2":"type-product","3":"status-publish","4":"has-post-thumbnail","6":"product_cat-bilpleje","7":"product_cat-udvendig-pleje","8":"product_tag-bilpleje","9":"product_tag-los","10":"product_tag-udvendig-pleje","12":"first","13":"instock","14":"sale","15":"product-type-external","16":"entry","17":"content-bg","18":"loop-entry"},"_links":{"self":[{"href":"https:\/\/bilshopping.dk\/index.php?rest_route=\/wp\/v2\/product\/7414","targetHints":{"allow":["GET"]}}],"collection":[{"href":"https:\/\/bilshopping.dk\/index.php?rest_route=\/wp\/v2\/product"}],"about":[{"href":"https:\/\/bilshopping.dk\/index.php?rest_route=\/wp\/v2\/types\/product"}],"replies":[{"embeddable":true,"href":"https:\/\/bilshopping.dk\/index.php?rest_route=%2Fwp%2Fv2%2Fcomments&post=7414"}],"wp:featuredmedia":[{"embeddable":true,"href":"https:\/\/bilshopping.dk\/index.php?rest_route=\/wp\/v2\/media\/7415"}],"wp:attachment":[{"href":"https:\/\/bilshopping.dk\/index.php?rest_route=%2Fwp%2Fv2%2Fmedia&parent=7414"}],"wp:term":[{"taxonomy":"product_cat","embeddable":true,"href":"https:\/\/bilshopping.dk\/index.php?rest_route=%2Fwp%2Fv2%2Fproduct_cat&post=7414"},{"taxonomy":"product_tag","embeddable":true,"href":"https:\/\/bilshopping.dk\/index.php?rest_route=%2Fwp%2Fv2%2Fproduct_tag&post=7414"},{"taxonomy":"brand","embeddable":true,"href":"https:\/\/bilshopping.dk\/index.php?rest_route=%2Fwp%2Fv2%2Fbrand&post=7414"}],"curies":[{"name":"wp","href":"https:\/\/api.w.org\/{rel}","templated":true}]}}