{"id":7448,"date":"2023-06-23T19:42:20","date_gmt":"2023-06-23T17:42:20","guid":{"rendered":"https:\/\/bilshopping.dk\/produkt\/philips-d3s-x-treme-vision-150-xenonpaere-1-stk\/"},"modified":"2023-06-23T19:42:23","modified_gmt":"2023-06-23T17:42:23","slug":"philips-d3s-x-treme-vision-150-xenonpaere-1-stk","status":"publish","type":"product","link":"https:\/\/bilshopping.dk\/?product=philips-d3s-x-treme-vision-150-xenonpaere-1-stk","title":{"rendered":"Philips D3S X-treme Vision + 150% Xenonp\u00e6re, 1 stk."},"content":{"rendered":"<p>Produktid er <strong>3159<\/strong> og <strong>8727900377132<\/strong><\/p>\n<h2>Anmeldelse af Philips D3S X-treme Vision + 150% Xenonp\u00e6re, 1 stk.<\/h2>\n<p>Se om vi har en <a href=\"https:\/\/bilshopping.dk\/592\">anmeldelse af Philips D3S X-treme Vision + 150% Xenonp\u00e6re, 1 stk.<\/a>.<\/p>\n","protected":false},"excerpt":{"rendered":"<p>Kraftige xenon-p\u00e6rer til D3S n\u00e6rlys og fjernlys. Giver 150% mere lys i forhold til standard p\u00e6rer. De lyser derfor v\u00e6sentligt l\u00e6ngere p\u00e5 vejen &#8211; 150 meter mod 85 meter standard.<br \/>\nP\u00e6ren er selvf\u00f8lgelig E\/ECE godkendt.<br \/>\nSpecifikationer:<br \/>\n\tFarvetemperatur: 4800, Philips D3S X-treme Vision + 150% Xenonp\u00e6re, 1 stk..<\/p>\n","protected":false},"featured_media":7449,"comment_status":"closed","ping_status":"open","template":"","meta":{"_kad_post_transparent":"","_kad_post_title":"","_kad_post_layout":"","_kad_post_sidebar_id":"","_kad_post_content_style":"","_kad_post_vertical_padding":"","_kad_post_feature":"","_kad_post_feature_position":"","_kad_post_header":false,"_kad_post_footer":false},"product_cat":[3208,3207],"product_tag":[2988,3210,3209],"brand":[],"class_list":{"0":"post-7448","1":"product","2":"type-product","3":"status-publish","4":"has-post-thumbnail","6":"product_cat-paerer","7":"product_cat-udvendig-tilbehoer","8":"product_tag-los","9":"product_tag-paerer","10":"product_tag-udvendig-tilbehoer","12":"first","13":"instock","14":"product-type-external","15":"entry","16":"content-bg","17":"loop-entry"},"_links":{"self":[{"href":"https:\/\/bilshopping.dk\/index.php?rest_route=\/wp\/v2\/product\/7448","targetHints":{"allow":["GET"]}}],"collection":[{"href":"https:\/\/bilshopping.dk\/index.php?rest_route=\/wp\/v2\/product"}],"about":[{"href":"https:\/\/bilshopping.dk\/index.php?rest_route=\/wp\/v2\/types\/product"}],"replies":[{"embeddable":true,"href":"https:\/\/bilshopping.dk\/index.php?rest_route=%2Fwp%2Fv2%2Fcomments&post=7448"}],"wp:featuredmedia":[{"embeddable":true,"href":"https:\/\/bilshopping.dk\/index.php?rest_route=\/wp\/v2\/media\/7449"}],"wp:attachment":[{"href":"https:\/\/bilshopping.dk\/index.php?rest_route=%2Fwp%2Fv2%2Fmedia&parent=7448"}],"wp:term":[{"taxonomy":"product_cat","embeddable":true,"href":"https:\/\/bilshopping.dk\/index.php?rest_route=%2Fwp%2Fv2%2Fproduct_cat&post=7448"},{"taxonomy":"product_tag","embeddable":true,"href":"https:\/\/bilshopping.dk\/index.php?rest_route=%2Fwp%2Fv2%2Fproduct_tag&post=7448"},{"taxonomy":"brand","embeddable":true,"href":"https:\/\/bilshopping.dk\/index.php?rest_route=%2Fwp%2Fv2%2Fbrand&post=7448"}],"curies":[{"name":"wp","href":"https:\/\/api.w.org\/{rel}","templated":true}]}}