{"id":7454,"date":"2023-06-23T19:42:20","date_gmt":"2023-06-23T17:42:20","guid":{"rendered":"https:\/\/bilshopping.dk\/produkt\/alpine-rue-4360-fjernbetjening-universal-alpine\/"},"modified":"2023-06-23T19:42:26","modified_gmt":"2023-06-23T17:42:26","slug":"alpine-rue-4360-fjernbetjening-universal-alpine","status":"publish","type":"product","link":"https:\/\/bilshopping.dk\/?product=alpine-rue-4360-fjernbetjening-universal-alpine","title":{"rendered":"Alpine RUE-4360 fjernbetjening universal Alpine"},"content":{"rendered":"<p>Produktid er <strong>3162<\/strong> og <strong>4958043533688<\/strong><\/p>\n<h2>Anmeldelse af Alpine RUE-4360 fjernbetjening universal Alpine<\/h2>\n<p>Se om vi har en <a href=\"https:\/\/bilshopping.dk\/592\">anmeldelse af Alpine RUE-4360 fjernbetjening universal Alpine<\/a>.<\/p>\n","protected":false},"excerpt":{"rendered":"<p>Universal fjernbetjening til radio<br \/>\nUniversal fjernbetjening der passer til alle Alpine enheder, der er forberedt til fjernbetjening.<br \/>\nStyr nemt din Alpine radio uden for bilen til en udstilling, i s\u00e6degruppen i autocamperen eller m\u00e5ske i b\u00e5den?, Alpine RUE-4360 fjernbetjening universal Alpine.<\/p>\n","protected":false},"featured_media":7455,"comment_status":"closed","ping_status":"open","template":"","meta":{"_kad_post_transparent":"","_kad_post_title":"","_kad_post_layout":"","_kad_post_sidebar_id":"","_kad_post_content_style":"","_kad_post_vertical_padding":"","_kad_post_feature":"","_kad_post_feature_position":"","_kad_post_header":false,"_kad_post_footer":false},"product_cat":[3162,3262],"product_tag":[3164,3263,2988],"brand":[],"class_list":{"0":"post-7454","1":"product","2":"type-product","3":"status-publish","4":"has-post-thumbnail","6":"product_cat-bilstereo","7":"product_cat-diverse-tilbehoer","8":"product_tag-bilstereo","9":"product_tag-diverse-tilbehoer","10":"product_tag-los","12":"first","13":"instock","14":"product-type-external","15":"entry","16":"content-bg","17":"loop-entry"},"_links":{"self":[{"href":"https:\/\/bilshopping.dk\/index.php?rest_route=\/wp\/v2\/product\/7454","targetHints":{"allow":["GET"]}}],"collection":[{"href":"https:\/\/bilshopping.dk\/index.php?rest_route=\/wp\/v2\/product"}],"about":[{"href":"https:\/\/bilshopping.dk\/index.php?rest_route=\/wp\/v2\/types\/product"}],"replies":[{"embeddable":true,"href":"https:\/\/bilshopping.dk\/index.php?rest_route=%2Fwp%2Fv2%2Fcomments&post=7454"}],"wp:featuredmedia":[{"embeddable":true,"href":"https:\/\/bilshopping.dk\/index.php?rest_route=\/wp\/v2\/media\/7455"}],"wp:attachment":[{"href":"https:\/\/bilshopping.dk\/index.php?rest_route=%2Fwp%2Fv2%2Fmedia&parent=7454"}],"wp:term":[{"taxonomy":"product_cat","embeddable":true,"href":"https:\/\/bilshopping.dk\/index.php?rest_route=%2Fwp%2Fv2%2Fproduct_cat&post=7454"},{"taxonomy":"product_tag","embeddable":true,"href":"https:\/\/bilshopping.dk\/index.php?rest_route=%2Fwp%2Fv2%2Fproduct_tag&post=7454"},{"taxonomy":"brand","embeddable":true,"href":"https:\/\/bilshopping.dk\/index.php?rest_route=%2Fwp%2Fv2%2Fbrand&post=7454"}],"curies":[{"name":"wp","href":"https:\/\/api.w.org\/{rel}","templated":true}]}}