{"id":7466,"date":"2023-06-23T19:42:20","date_gmt":"2023-06-23T17:42:20","guid":{"rendered":"https:\/\/bilshopping.dk\/produkt\/liqui-moly-maar-spray-200-ml\/"},"modified":"2023-06-23T19:42:34","modified_gmt":"2023-06-23T17:42:34","slug":"liqui-moly-maar-spray-200-ml","status":"publish","type":"product","link":"https:\/\/bilshopping.dk\/?product=liqui-moly-maar-spray-200-ml","title":{"rendered":"Liqui Moly M\u00e5r Spray 200 ml."},"content":{"rendered":"<p>Produktid er <strong>3169<\/strong> og <strong>4100420015151<\/strong><\/p>\n<h2>Anmeldelse af Liqui Moly M\u00e5r Spray 200 ml.<\/h2>\n<p>Se om vi har en <a href=\"https:\/\/bilshopping.dk\/592\">anmeldelse af Liqui Moly M\u00e5r Spray 200 ml.<\/a>.<\/p>\n","protected":false},"excerpt":{"rendered":"<p>Frast\u00f8der effektivt og omg\u00e5ende alle sm\u00e5dyr (gnavere som rotter, egern, mus, m\u00e5r osv.)<br \/>\nForhindrer skader fra gnavere p\u00e5 gummi- og plastprodukter (polstring, kabler, slanger, r\u00f8r osv.)<br \/>\nBleger ikke gummi -\u00c2\u00a0Til alle plast- og gummidele i motorrummet og k\u00f8re, Liqui Moly M\u00e5r Spray 200 ml..<\/p>\n","protected":false},"featured_media":7467,"comment_status":"closed","ping_status":"open","template":"","meta":{"_kad_post_transparent":"","_kad_post_title":"","_kad_post_layout":"","_kad_post_sidebar_id":"","_kad_post_content_style":"","_kad_post_vertical_padding":"","_kad_post_feature":"","_kad_post_feature_position":"","_kad_post_header":false,"_kad_post_footer":false},"product_cat":[3127,3143],"product_tag":[2988,3129,3144],"brand":[],"class_list":{"0":"post-7466","1":"product","2":"type-product","3":"status-publish","4":"has-post-thumbnail","6":"product_cat-olie-kemi","7":"product_cat-pakning-lim-diverse","8":"product_tag-los","9":"product_tag-olie-kemi","10":"product_tag-pakning-lim-diverse","12":"first","13":"instock","14":"product-type-external","15":"entry","16":"content-bg","17":"loop-entry"},"_links":{"self":[{"href":"https:\/\/bilshopping.dk\/index.php?rest_route=\/wp\/v2\/product\/7466","targetHints":{"allow":["GET"]}}],"collection":[{"href":"https:\/\/bilshopping.dk\/index.php?rest_route=\/wp\/v2\/product"}],"about":[{"href":"https:\/\/bilshopping.dk\/index.php?rest_route=\/wp\/v2\/types\/product"}],"replies":[{"embeddable":true,"href":"https:\/\/bilshopping.dk\/index.php?rest_route=%2Fwp%2Fv2%2Fcomments&post=7466"}],"wp:featuredmedia":[{"embeddable":true,"href":"https:\/\/bilshopping.dk\/index.php?rest_route=\/wp\/v2\/media\/7467"}],"wp:attachment":[{"href":"https:\/\/bilshopping.dk\/index.php?rest_route=%2Fwp%2Fv2%2Fmedia&parent=7466"}],"wp:term":[{"taxonomy":"product_cat","embeddable":true,"href":"https:\/\/bilshopping.dk\/index.php?rest_route=%2Fwp%2Fv2%2Fproduct_cat&post=7466"},{"taxonomy":"product_tag","embeddable":true,"href":"https:\/\/bilshopping.dk\/index.php?rest_route=%2Fwp%2Fv2%2Fproduct_tag&post=7466"},{"taxonomy":"brand","embeddable":true,"href":"https:\/\/bilshopping.dk\/index.php?rest_route=%2Fwp%2Fv2%2Fbrand&post=7466"}],"curies":[{"name":"wp","href":"https:\/\/api.w.org\/{rel}","templated":true}]}}