{"id":7482,"date":"2023-06-23T19:42:42","date_gmt":"2023-06-23T17:42:42","guid":{"rendered":"https:\/\/bilshopping.dk\/produkt\/mont-blanc-rf23-readyfit23-lastholder-demo\/"},"modified":"2023-06-23T19:42:42","modified_gmt":"2023-06-23T17:42:42","slug":"mont-blanc-rf23-readyfit23-lastholder-demo","status":"publish","type":"product","link":"https:\/\/bilshopping.dk\/?product=mont-blanc-rf23-readyfit23-lastholder-demo","title":{"rendered":"MONT BLANC RF23 Readyfit23 Lastholder &#8211; DEMO"},"content":{"rendered":"<p>Produktid er <strong>3174<\/strong> og <strong><\/strong><\/p>\n<h2>Anmeldelse af MONT BLANC RF23 Readyfit23 Lastholder &#8211; DEMO<\/h2>\n<p>Se om vi har en <a href=\"https:\/\/bilshopping.dk\/592\">anmeldelse af MONT BLANC RF23 Readyfit23 Lastholder &#8211; DEMO<\/a>.<\/p>\n","protected":false},"excerpt":{"rendered":"<p>Et par fuldt monterede aluminiums tagb\u00f8jler, klar til at passe direkte fra kassen.<br \/>\nKompatibel med de fleste m\u00e6rker af tagbokse, cykelholdere og andet tilbeh\u00f8r til tagb\u00f8jler.<br \/>\nIndeholder 4 l\u00e5se med tilh\u00f8rende n\u00f8gler. Fastg\u00f8res til fabriksmonterede tagr\u00e6ling, MONT BLANC RF23 Readyfit23 Lastholder &#8211; DEMO.<\/p>\n","protected":false},"featured_media":7483,"comment_status":"closed","ping_status":"open","template":"","meta":{"_kad_post_transparent":"","_kad_post_title":"","_kad_post_layout":"","_kad_post_sidebar_id":"","_kad_post_content_style":"","_kad_post_vertical_padding":"","_kad_post_feature":"","_kad_post_feature_position":"","_kad_post_header":false,"_kad_post_footer":false},"product_cat":[3292,3299],"product_tag":[2988,3294,3209],"brand":[],"class_list":{"0":"post-7482","1":"product","2":"type-product","3":"status-publish","4":"has-post-thumbnail","6":"product_cat-outlet","7":"product_cat-udvendig-tilbehoer-outlet","8":"product_tag-los","9":"product_tag-outlet","10":"product_tag-udvendig-tilbehoer","12":"first","13":"instock","14":"sale","15":"product-type-external","16":"entry","17":"content-bg","18":"loop-entry"},"_links":{"self":[{"href":"https:\/\/bilshopping.dk\/index.php?rest_route=\/wp\/v2\/product\/7482","targetHints":{"allow":["GET"]}}],"collection":[{"href":"https:\/\/bilshopping.dk\/index.php?rest_route=\/wp\/v2\/product"}],"about":[{"href":"https:\/\/bilshopping.dk\/index.php?rest_route=\/wp\/v2\/types\/product"}],"replies":[{"embeddable":true,"href":"https:\/\/bilshopping.dk\/index.php?rest_route=%2Fwp%2Fv2%2Fcomments&post=7482"}],"wp:featuredmedia":[{"embeddable":true,"href":"https:\/\/bilshopping.dk\/index.php?rest_route=\/wp\/v2\/media\/7483"}],"wp:attachment":[{"href":"https:\/\/bilshopping.dk\/index.php?rest_route=%2Fwp%2Fv2%2Fmedia&parent=7482"}],"wp:term":[{"taxonomy":"product_cat","embeddable":true,"href":"https:\/\/bilshopping.dk\/index.php?rest_route=%2Fwp%2Fv2%2Fproduct_cat&post=7482"},{"taxonomy":"product_tag","embeddable":true,"href":"https:\/\/bilshopping.dk\/index.php?rest_route=%2Fwp%2Fv2%2Fproduct_tag&post=7482"},{"taxonomy":"brand","embeddable":true,"href":"https:\/\/bilshopping.dk\/index.php?rest_route=%2Fwp%2Fv2%2Fbrand&post=7482"}],"curies":[{"name":"wp","href":"https:\/\/api.w.org\/{rel}","templated":true}]}}