{"id":7490,"date":"2023-06-23T19:42:42","date_gmt":"2023-06-23T17:42:42","guid":{"rendered":"https:\/\/bilshopping.dk\/produkt\/calearo-kombi-fm-am-dab-dab-antenne-paa-20cm\/"},"modified":"2023-06-23T19:42:45","modified_gmt":"2023-06-23T17:42:45","slug":"calearo-kombi-fm-am-dab-dab-antenne-paa-20cm","status":"publish","type":"product","link":"https:\/\/bilshopping.dk\/?product=calearo-kombi-fm-am-dab-dab-antenne-paa-20cm","title":{"rendered":"Calearo Kombi FM\/AM\/ DAB\/DAB+ Antenne P\u00e5 20cm"},"content":{"rendered":"<p>Produktid er <strong>3179<\/strong> og <strong>8010925732322<\/strong><\/p>\n<h2>Anmeldelse af Calearo Kombi FM\/AM\/ DAB\/DAB+ Antenne P\u00e5 20cm<\/h2>\n<p>Se om vi har en <a href=\"https:\/\/bilshopping.dk\/592\">anmeldelse af Calearo Kombi FM\/AM\/ DAB\/DAB+ Antenne P\u00e5 20cm<\/a>.<\/p>\n","protected":false},"excerpt":{"rendered":"<p>Du kan stole trygt p\u00e5 denne kombi radio antenne fra Calearo. Calearo er nemlig Europas st\u00f8rste producent indenfor bil antenner. Calearo har siden \u00e5r 1957 produceret autoantenner, som altid har v\u00e6ret banebrydende og nyt\u00e6nkende. I denne moderne antenne har, Calearo Kombi FM\/AM\/ DAB\/DAB+ Antenne P\u00e5 20cm.<\/p>\n","protected":false},"featured_media":7491,"comment_status":"closed","ping_status":"open","template":"","meta":{"_kad_post_transparent":"","_kad_post_title":"","_kad_post_layout":"","_kad_post_sidebar_id":"","_kad_post_content_style":"","_kad_post_vertical_padding":"","_kad_post_feature":"","_kad_post_feature_position":"","_kad_post_header":false,"_kad_post_footer":false},"product_cat":[3227,3162],"product_tag":[3228,3164,2988],"brand":[],"class_list":{"0":"post-7490","1":"product","2":"type-product","3":"status-publish","4":"has-post-thumbnail","6":"product_cat-antenner","7":"product_cat-bilstereo","8":"product_tag-antenner","9":"product_tag-bilstereo","10":"product_tag-los","12":"first","13":"instock","14":"product-type-external","15":"entry","16":"content-bg","17":"loop-entry"},"_links":{"self":[{"href":"https:\/\/bilshopping.dk\/index.php?rest_route=\/wp\/v2\/product\/7490","targetHints":{"allow":["GET"]}}],"collection":[{"href":"https:\/\/bilshopping.dk\/index.php?rest_route=\/wp\/v2\/product"}],"about":[{"href":"https:\/\/bilshopping.dk\/index.php?rest_route=\/wp\/v2\/types\/product"}],"replies":[{"embeddable":true,"href":"https:\/\/bilshopping.dk\/index.php?rest_route=%2Fwp%2Fv2%2Fcomments&post=7490"}],"wp:featuredmedia":[{"embeddable":true,"href":"https:\/\/bilshopping.dk\/index.php?rest_route=\/wp\/v2\/media\/7491"}],"wp:attachment":[{"href":"https:\/\/bilshopping.dk\/index.php?rest_route=%2Fwp%2Fv2%2Fmedia&parent=7490"}],"wp:term":[{"taxonomy":"product_cat","embeddable":true,"href":"https:\/\/bilshopping.dk\/index.php?rest_route=%2Fwp%2Fv2%2Fproduct_cat&post=7490"},{"taxonomy":"product_tag","embeddable":true,"href":"https:\/\/bilshopping.dk\/index.php?rest_route=%2Fwp%2Fv2%2Fproduct_tag&post=7490"},{"taxonomy":"brand","embeddable":true,"href":"https:\/\/bilshopping.dk\/index.php?rest_route=%2Fwp%2Fv2%2Fbrand&post=7490"}],"curies":[{"name":"wp","href":"https:\/\/api.w.org\/{rel}","templated":true}]}}