{"id":7495,"date":"2023-06-23T19:42:42","date_gmt":"2023-06-23T17:42:42","guid":{"rendered":"https:\/\/bilshopping.dk\/produkt\/vikan-vaskeboerste-med-teleskopskaft\/"},"modified":"2023-06-23T19:42:46","modified_gmt":"2023-06-23T17:42:46","slug":"vikan-vaskeboerste-med-teleskopskaft","status":"publish","type":"product","link":"https:\/\/bilshopping.dk\/?product=vikan-vaskeboerste-med-teleskopskaft","title":{"rendered":"Vikan Vaskeb\u00f8rste med teleskopskaft"},"content":{"rendered":"<p>Produktid er <strong>3182<\/strong> og <strong>5705025214528<\/strong><\/p>\n<h2>Anmeldelse af Vikan Vaskeb\u00f8rste med teleskopskaft<\/h2>\n<p>Se om vi har en <a href=\"https:\/\/bilshopping.dk\/592\">anmeldelse af Vikan Vaskeb\u00f8rste med teleskopskaft<\/a>.<\/p>\n","protected":false},"excerpt":{"rendered":"<p>L\u00e6kkert s\u00e6t med vaskeb\u00f8rste og skaft.<br \/>\nB\u00f8rsten er med dreje-led for optimal reng\u00f8ringskomfort, og de skr\u00e5tstillede b\u00f8rsteh\u00e5r g\u00f8r, at den kan n\u00e5 helt ud i hj\u00f8rnerne.<br \/>\nSpecifikationer:<br \/>\n\tB\u00f8rsten er monteret p\u00e5 et isoleret teleskopskaft med vandgenneml\u00f8b.<br \/>\n\tSkaf, Vikan Vaskeb\u00f8rste med teleskopskaft.<\/p>\n","protected":false},"featured_media":7496,"comment_status":"closed","ping_status":"open","template":"","meta":{"_kad_post_transparent":"","_kad_post_title":"","_kad_post_layout":"","_kad_post_sidebar_id":"","_kad_post_content_style":"","_kad_post_vertical_padding":"","_kad_post_feature":"","_kad_post_feature_position":"","_kad_post_header":false,"_kad_post_footer":false},"product_cat":[3145,3160],"product_tag":[3147,2988,3161],"brand":[],"class_list":{"0":"post-7495","1":"product","2":"type-product","3":"status-publish","4":"has-post-thumbnail","6":"product_cat-bilpleje","7":"product_cat-tilbehoer","8":"product_tag-bilpleje","9":"product_tag-los","10":"product_tag-tilbehoer","12":"first","13":"instock","14":"product-type-external","15":"entry","16":"content-bg","17":"loop-entry"},"_links":{"self":[{"href":"https:\/\/bilshopping.dk\/index.php?rest_route=\/wp\/v2\/product\/7495","targetHints":{"allow":["GET"]}}],"collection":[{"href":"https:\/\/bilshopping.dk\/index.php?rest_route=\/wp\/v2\/product"}],"about":[{"href":"https:\/\/bilshopping.dk\/index.php?rest_route=\/wp\/v2\/types\/product"}],"replies":[{"embeddable":true,"href":"https:\/\/bilshopping.dk\/index.php?rest_route=%2Fwp%2Fv2%2Fcomments&post=7495"}],"wp:featuredmedia":[{"embeddable":true,"href":"https:\/\/bilshopping.dk\/index.php?rest_route=\/wp\/v2\/media\/7496"}],"wp:attachment":[{"href":"https:\/\/bilshopping.dk\/index.php?rest_route=%2Fwp%2Fv2%2Fmedia&parent=7495"}],"wp:term":[{"taxonomy":"product_cat","embeddable":true,"href":"https:\/\/bilshopping.dk\/index.php?rest_route=%2Fwp%2Fv2%2Fproduct_cat&post=7495"},{"taxonomy":"product_tag","embeddable":true,"href":"https:\/\/bilshopping.dk\/index.php?rest_route=%2Fwp%2Fv2%2Fproduct_tag&post=7495"},{"taxonomy":"brand","embeddable":true,"href":"https:\/\/bilshopping.dk\/index.php?rest_route=%2Fwp%2Fv2%2Fbrand&post=7495"}],"curies":[{"name":"wp","href":"https:\/\/api.w.org\/{rel}","templated":true}]}}