{"id":7506,"date":"2023-06-23T19:42:42","date_gmt":"2023-06-23T17:42:42","guid":{"rendered":"https:\/\/bilshopping.dk\/produkt\/bosma-800lm-vaerkstedslampe-led\/"},"modified":"2023-06-23T19:42:49","modified_gmt":"2023-06-23T17:42:49","slug":"bosma-800lm-vaerkstedslampe-led","status":"publish","type":"product","link":"https:\/\/bilshopping.dk\/?product=bosma-800lm-vaerkstedslampe-led","title":{"rendered":"Bosma 800LM v\u00e6rkstedslampe LED"},"content":{"rendered":"<p>Produktid er <strong>3188<\/strong> og <strong>5902004167084<\/strong><\/p>\n<h2>Anmeldelse af Bosma 800LM v\u00e6rkstedslampe LED<\/h2>\n<p>Se om vi har en <a href=\"https:\/\/bilshopping.dk\/592\">anmeldelse af Bosma 800LM v\u00e6rkstedslampe LED<\/a>.<\/p>\n","protected":false},"excerpt":{"rendered":"<p>Ny generation 5W LED + 4x1W SMD (500+300lm) b\u00e6rbar lampe med en 2W LED (150lm) spotlight giver dig 50 % mere lys sammenlignet med standard LED-belysning. Det er nyttigt p\u00e5 v\u00e6rksteder og til hjemmeopgaver, s\u00e5vel som n\u00e5r du camperer. Lampen har en roterende, Bosma 800LM v\u00e6rkstedslampe LED.<\/p>\n","protected":false},"featured_media":7507,"comment_status":"closed","ping_status":"open","template":"","meta":{"_kad_post_transparent":"","_kad_post_title":"","_kad_post_layout":"","_kad_post_sidebar_id":"","_kad_post_content_style":"","_kad_post_vertical_padding":"","_kad_post_feature":"","_kad_post_feature_position":"","_kad_post_header":false,"_kad_post_footer":false},"product_cat":[3243],"product_tag":[2988,3244],"brand":[],"class_list":{"0":"post-7506","1":"product","2":"type-product","3":"status-publish","4":"has-post-thumbnail","6":"product_cat-vaerktoej","7":"product_tag-los","8":"product_tag-vaerktoej","10":"first","11":"instock","12":"product-type-external","13":"entry","14":"content-bg","15":"loop-entry"},"_links":{"self":[{"href":"https:\/\/bilshopping.dk\/index.php?rest_route=\/wp\/v2\/product\/7506","targetHints":{"allow":["GET"]}}],"collection":[{"href":"https:\/\/bilshopping.dk\/index.php?rest_route=\/wp\/v2\/product"}],"about":[{"href":"https:\/\/bilshopping.dk\/index.php?rest_route=\/wp\/v2\/types\/product"}],"replies":[{"embeddable":true,"href":"https:\/\/bilshopping.dk\/index.php?rest_route=%2Fwp%2Fv2%2Fcomments&post=7506"}],"wp:featuredmedia":[{"embeddable":true,"href":"https:\/\/bilshopping.dk\/index.php?rest_route=\/wp\/v2\/media\/7507"}],"wp:attachment":[{"href":"https:\/\/bilshopping.dk\/index.php?rest_route=%2Fwp%2Fv2%2Fmedia&parent=7506"}],"wp:term":[{"taxonomy":"product_cat","embeddable":true,"href":"https:\/\/bilshopping.dk\/index.php?rest_route=%2Fwp%2Fv2%2Fproduct_cat&post=7506"},{"taxonomy":"product_tag","embeddable":true,"href":"https:\/\/bilshopping.dk\/index.php?rest_route=%2Fwp%2Fv2%2Fproduct_tag&post=7506"},{"taxonomy":"brand","embeddable":true,"href":"https:\/\/bilshopping.dk\/index.php?rest_route=%2Fwp%2Fv2%2Fbrand&post=7506"}],"curies":[{"name":"wp","href":"https:\/\/api.w.org\/{rel}","templated":true}]}}