{"id":7516,"date":"2023-06-23T19:42:42","date_gmt":"2023-06-23T17:42:42","guid":{"rendered":"https:\/\/bilshopping.dk\/produkt\/vildtfloejte-sort-2-stk\/"},"modified":"2023-06-23T19:42:54","modified_gmt":"2023-06-23T17:42:54","slug":"vildtfloejte-sort-2-stk","status":"publish","type":"product","link":"https:\/\/bilshopping.dk\/?product=vildtfloejte-sort-2-stk","title":{"rendered":"Vildtfl\u00f8jte sort &#8211; 2 stk."},"content":{"rendered":"<p>Produktid er <strong>3194<\/strong> og <strong>8424332405548<\/strong><\/p>\n<h2>Anmeldelse af Vildtfl\u00f8jte sort &#8211; 2 stk.<\/h2>\n<p>Se om vi har en <a href=\"https:\/\/bilshopping.dk\/592\">anmeldelse af Vildtfl\u00f8jte sort &#8211; 2 stk.<\/a>.<\/p>\n","protected":false},"excerpt":{"rendered":"<p>Vildtfl\u00f8jte i sort til at skr\u00e6mme dyr v\u00e6k fra vejen<br \/>\nEnhed til at s\u00e6tte fast p\u00e5 dine sidespejle eller p\u00e5 din motorcykel, som udsender en h\u00f8j lyd som dyr kan h\u00f8re p\u00e5 lang afstand og dermed skr\u00e6mme dem v\u00e6k fra vejen.<br \/>\nLyden produceres n\u00e5r du k\u00f8re med over 35, Vildtfl\u00f8jte sort &#8211; 2 stk..<\/p>\n","protected":false},"featured_media":7517,"comment_status":"closed","ping_status":"open","template":"","meta":{"_kad_post_transparent":"","_kad_post_title":"","_kad_post_layout":"","_kad_post_sidebar_id":"","_kad_post_content_style":"","_kad_post_vertical_padding":"","_kad_post_feature":"","_kad_post_feature_position":"","_kad_post_header":false,"_kad_post_footer":false},"product_cat":[3329,3207],"product_tag":[3330,2988,3209],"brand":[],"class_list":{"0":"post-7516","1":"product","2":"type-product","3":"status-publish","4":"has-post-thumbnail","6":"product_cat-diverse","7":"product_cat-udvendig-tilbehoer","8":"product_tag-diverse","9":"product_tag-los","10":"product_tag-udvendig-tilbehoer","12":"first","13":"instock","14":"product-type-external","15":"entry","16":"content-bg","17":"loop-entry"},"_links":{"self":[{"href":"https:\/\/bilshopping.dk\/index.php?rest_route=\/wp\/v2\/product\/7516","targetHints":{"allow":["GET"]}}],"collection":[{"href":"https:\/\/bilshopping.dk\/index.php?rest_route=\/wp\/v2\/product"}],"about":[{"href":"https:\/\/bilshopping.dk\/index.php?rest_route=\/wp\/v2\/types\/product"}],"replies":[{"embeddable":true,"href":"https:\/\/bilshopping.dk\/index.php?rest_route=%2Fwp%2Fv2%2Fcomments&post=7516"}],"wp:featuredmedia":[{"embeddable":true,"href":"https:\/\/bilshopping.dk\/index.php?rest_route=\/wp\/v2\/media\/7517"}],"wp:attachment":[{"href":"https:\/\/bilshopping.dk\/index.php?rest_route=%2Fwp%2Fv2%2Fmedia&parent=7516"}],"wp:term":[{"taxonomy":"product_cat","embeddable":true,"href":"https:\/\/bilshopping.dk\/index.php?rest_route=%2Fwp%2Fv2%2Fproduct_cat&post=7516"},{"taxonomy":"product_tag","embeddable":true,"href":"https:\/\/bilshopping.dk\/index.php?rest_route=%2Fwp%2Fv2%2Fproduct_tag&post=7516"},{"taxonomy":"brand","embeddable":true,"href":"https:\/\/bilshopping.dk\/index.php?rest_route=%2Fwp%2Fv2%2Fbrand&post=7516"}],"curies":[{"name":"wp","href":"https:\/\/api.w.org\/{rel}","templated":true}]}}