{"id":7553,"date":"2023-06-23T19:42:56","date_gmt":"2023-06-23T17:42:56","guid":{"rendered":"https:\/\/bilshopping.dk\/produkt\/liqui-moly-pro-line-engine-flush-500-ml\/"},"modified":"2023-06-23T19:43:14","modified_gmt":"2023-06-23T17:43:14","slug":"liqui-moly-pro-line-engine-flush-500-ml","status":"publish","type":"product","link":"https:\/\/bilshopping.dk\/?product=liqui-moly-pro-line-engine-flush-500-ml","title":{"rendered":"Liqui Moly Pro-Line Engine Flush 500 ml"},"content":{"rendered":"<p>Produktid er <strong>3215<\/strong> og <strong>4100420029783<\/strong><\/p>\n<h2>Anmeldelse af Liqui Moly Pro-Line Engine Flush 500 ml<\/h2>\n<p>Se om vi har en <a href=\"https:\/\/bilshopping.dk\/592\">anmeldelse af Liqui Moly Pro-Line Engine Flush 500 ml<\/a>.<\/p>\n","protected":false},"excerpt":{"rendered":"<p>Renser motoren indefra og fjerner aflejringer fra olieboringer, lejer, stempelringeomr\u00e5det osv. Reducerer motorst\u00f8j og olieforbrug, forbedrer kompressionen og \u00f8ger k\u00f8ret\u00f8jets driftssikkerhed. Giver den friske motorolie mulighed for at udvikle sin fulde yd, Liqui Moly Pro-Line Engine Flush 500 ml.<\/p>\n","protected":false},"featured_media":7554,"comment_status":"closed","ping_status":"open","template":"","meta":{"_kad_post_transparent":"","_kad_post_title":"","_kad_post_layout":"","_kad_post_sidebar_id":"","_kad_post_content_style":"","_kad_post_vertical_padding":"","_kad_post_feature":"","_kad_post_feature_position":"","_kad_post_header":false,"_kad_post_footer":false},"product_cat":[3135,3127],"product_tag":[3136,2988,3129],"brand":[],"class_list":{"0":"post-7553","1":"product","2":"type-product","3":"status-publish","4":"has-post-thumbnail","6":"product_cat-additiver","7":"product_cat-olie-kemi","8":"product_tag-additiver","9":"product_tag-los","10":"product_tag-olie-kemi","12":"first","13":"instock","14":"sale","15":"product-type-external","16":"entry","17":"content-bg","18":"loop-entry"},"_links":{"self":[{"href":"https:\/\/bilshopping.dk\/index.php?rest_route=\/wp\/v2\/product\/7553","targetHints":{"allow":["GET"]}}],"collection":[{"href":"https:\/\/bilshopping.dk\/index.php?rest_route=\/wp\/v2\/product"}],"about":[{"href":"https:\/\/bilshopping.dk\/index.php?rest_route=\/wp\/v2\/types\/product"}],"replies":[{"embeddable":true,"href":"https:\/\/bilshopping.dk\/index.php?rest_route=%2Fwp%2Fv2%2Fcomments&post=7553"}],"wp:featuredmedia":[{"embeddable":true,"href":"https:\/\/bilshopping.dk\/index.php?rest_route=\/wp\/v2\/media\/7554"}],"wp:attachment":[{"href":"https:\/\/bilshopping.dk\/index.php?rest_route=%2Fwp%2Fv2%2Fmedia&parent=7553"}],"wp:term":[{"taxonomy":"product_cat","embeddable":true,"href":"https:\/\/bilshopping.dk\/index.php?rest_route=%2Fwp%2Fv2%2Fproduct_cat&post=7553"},{"taxonomy":"product_tag","embeddable":true,"href":"https:\/\/bilshopping.dk\/index.php?rest_route=%2Fwp%2Fv2%2Fproduct_tag&post=7553"},{"taxonomy":"brand","embeddable":true,"href":"https:\/\/bilshopping.dk\/index.php?rest_route=%2Fwp%2Fv2%2Fbrand&post=7553"}],"curies":[{"name":"wp","href":"https:\/\/api.w.org\/{rel}","templated":true}]}}