{"id":7557,"date":"2023-06-23T19:43:17","date_gmt":"2023-06-23T17:43:17","guid":{"rendered":"https:\/\/bilshopping.dk\/produkt\/liqui-moly-gearolie-top-tec-atf-1600-1-ltr\/"},"modified":"2023-06-23T19:43:17","modified_gmt":"2023-06-23T17:43:17","slug":"liqui-moly-gearolie-top-tec-atf-1600-1-ltr","status":"publish","type":"product","link":"https:\/\/bilshopping.dk\/?product=liqui-moly-gearolie-top-tec-atf-1600-1-ltr","title":{"rendered":"Liqui Moly Gearolie Top Tec ATF 1600 &#8211; 1 ltr."},"content":{"rendered":"<p>Produktid er <strong>3217<\/strong> og <strong>4100420036590<\/strong><\/p>\n<h2>Anmeldelse af Liqui Moly Gearolie Top Tec ATF 1600 &#8211; 1 ltr.<\/h2>\n<p>Se om vi har en <a href=\"https:\/\/bilshopping.dk\/592\">anmeldelse af Liqui Moly Gearolie Top Tec ATF 1600 &#8211; 1 ltr.<\/a>.<\/p>\n","protected":false},"excerpt":{"rendered":"<p>Til MB 7-Trins automatgear.<br \/>\nSyntetisk automatgear olie specielt udviklet til brug p\u00e5 MB 7-Trins automatgear. Kan ligeledes anvendes p\u00e5 \u00e6ldre 5-Trins automatgear.<br \/>\n\tfremragende slidbeskyttelse<br \/>\n\tfremragende \u00e6ldningsmodstand<br \/>\n\tfremragende korrosionsbeskyttelse, Liqui Moly Gearolie Top Tec ATF 1600 &#8211; 1 ltr..<\/p>\n","protected":false},"featured_media":7558,"comment_status":"closed","ping_status":"open","template":"","meta":{"_kad_post_transparent":"","_kad_post_title":"","_kad_post_layout":"","_kad_post_sidebar_id":"","_kad_post_content_style":"","_kad_post_vertical_padding":"","_kad_post_feature":"","_kad_post_feature_position":"","_kad_post_header":false,"_kad_post_footer":false},"product_cat":[3131,3127],"product_tag":[3132,2988,3129],"brand":[],"class_list":{"0":"post-7557","1":"product","2":"type-product","3":"status-publish","4":"has-post-thumbnail","6":"product_cat-gearolie","7":"product_cat-olie-kemi","8":"product_tag-gearolie","9":"product_tag-los","10":"product_tag-olie-kemi","12":"first","13":"instock","14":"sale","15":"product-type-external","16":"entry","17":"content-bg","18":"loop-entry"},"_links":{"self":[{"href":"https:\/\/bilshopping.dk\/index.php?rest_route=\/wp\/v2\/product\/7557","targetHints":{"allow":["GET"]}}],"collection":[{"href":"https:\/\/bilshopping.dk\/index.php?rest_route=\/wp\/v2\/product"}],"about":[{"href":"https:\/\/bilshopping.dk\/index.php?rest_route=\/wp\/v2\/types\/product"}],"replies":[{"embeddable":true,"href":"https:\/\/bilshopping.dk\/index.php?rest_route=%2Fwp%2Fv2%2Fcomments&post=7557"}],"wp:featuredmedia":[{"embeddable":true,"href":"https:\/\/bilshopping.dk\/index.php?rest_route=\/wp\/v2\/media\/7558"}],"wp:attachment":[{"href":"https:\/\/bilshopping.dk\/index.php?rest_route=%2Fwp%2Fv2%2Fmedia&parent=7557"}],"wp:term":[{"taxonomy":"product_cat","embeddable":true,"href":"https:\/\/bilshopping.dk\/index.php?rest_route=%2Fwp%2Fv2%2Fproduct_cat&post=7557"},{"taxonomy":"product_tag","embeddable":true,"href":"https:\/\/bilshopping.dk\/index.php?rest_route=%2Fwp%2Fv2%2Fproduct_tag&post=7557"},{"taxonomy":"brand","embeddable":true,"href":"https:\/\/bilshopping.dk\/index.php?rest_route=%2Fwp%2Fv2%2Fbrand&post=7557"}],"curies":[{"name":"wp","href":"https:\/\/api.w.org\/{rel}","templated":true}]}}