{"id":7565,"date":"2023-06-23T19:43:17","date_gmt":"2023-06-23T17:43:17","guid":{"rendered":"https:\/\/bilshopping.dk\/produkt\/sonax-blyerstatning-250-ml\/"},"modified":"2023-06-23T19:43:20","modified_gmt":"2023-06-23T17:43:20","slug":"sonax-blyerstatning-250-ml","status":"publish","type":"product","link":"https:\/\/bilshopping.dk\/?product=sonax-blyerstatning-250-ml","title":{"rendered":"Sonax Blyerstatning 250 ml."},"content":{"rendered":"<p>Produktid er <strong>3221<\/strong> og <strong>4056554002386<\/strong><\/p>\n<h2>Anmeldelse af Sonax Blyerstatning 250 ml.<\/h2>\n<p>Se om vi har en <a href=\"https:\/\/bilshopping.dk\/592\">anmeldelse af Sonax Blyerstatning 250 ml.<\/a>.<\/p>\n","protected":false},"excerpt":{"rendered":"<p>Sonax Bly Erstatning tils\u00e6ttes blyfri benzin for at kompensere for den manglende bly\/sm\u00f8rerevne i benzinen. Blyerstatning g\u00f8r det muligt at tanke blyfri benzin og selv tils\u00e6tte blyerstatning i situationer, hvor der ikke kan tankes blyholdig benzin.<br \/>\nBlyers, Sonax Blyerstatning 250 ml..<\/p>\n","protected":false},"featured_media":7566,"comment_status":"closed","ping_status":"open","template":"","meta":{"_kad_post_transparent":"","_kad_post_title":"","_kad_post_layout":"","_kad_post_sidebar_id":"","_kad_post_content_style":"","_kad_post_vertical_padding":"","_kad_post_feature":"","_kad_post_feature_position":"","_kad_post_header":false,"_kad_post_footer":false},"product_cat":[3135,3127],"product_tag":[3136,2988,3129],"brand":[],"class_list":{"0":"post-7565","1":"product","2":"type-product","3":"status-publish","4":"has-post-thumbnail","6":"product_cat-additiver","7":"product_cat-olie-kemi","8":"product_tag-additiver","9":"product_tag-los","10":"product_tag-olie-kemi","12":"first","13":"instock","14":"product-type-external","15":"entry","16":"content-bg","17":"loop-entry"},"_links":{"self":[{"href":"https:\/\/bilshopping.dk\/index.php?rest_route=\/wp\/v2\/product\/7565","targetHints":{"allow":["GET"]}}],"collection":[{"href":"https:\/\/bilshopping.dk\/index.php?rest_route=\/wp\/v2\/product"}],"about":[{"href":"https:\/\/bilshopping.dk\/index.php?rest_route=\/wp\/v2\/types\/product"}],"replies":[{"embeddable":true,"href":"https:\/\/bilshopping.dk\/index.php?rest_route=%2Fwp%2Fv2%2Fcomments&post=7565"}],"wp:featuredmedia":[{"embeddable":true,"href":"https:\/\/bilshopping.dk\/index.php?rest_route=\/wp\/v2\/media\/7566"}],"wp:attachment":[{"href":"https:\/\/bilshopping.dk\/index.php?rest_route=%2Fwp%2Fv2%2Fmedia&parent=7565"}],"wp:term":[{"taxonomy":"product_cat","embeddable":true,"href":"https:\/\/bilshopping.dk\/index.php?rest_route=%2Fwp%2Fv2%2Fproduct_cat&post=7565"},{"taxonomy":"product_tag","embeddable":true,"href":"https:\/\/bilshopping.dk\/index.php?rest_route=%2Fwp%2Fv2%2Fproduct_tag&post=7565"},{"taxonomy":"brand","embeddable":true,"href":"https:\/\/bilshopping.dk\/index.php?rest_route=%2Fwp%2Fv2%2Fbrand&post=7565"}],"curies":[{"name":"wp","href":"https:\/\/api.w.org\/{rel}","templated":true}]}}