{"id":7577,"date":"2023-06-23T19:43:17","date_gmt":"2023-06-23T17:43:17","guid":{"rendered":"https:\/\/bilshopping.dk\/produkt\/climair-vindafvisere-til-ford-transit-2014-2-stk\/"},"modified":"2023-06-23T19:43:26","modified_gmt":"2023-06-23T17:43:26","slug":"climair-vindafvisere-til-ford-transit-2014-2-stk","status":"publish","type":"product","link":"https:\/\/bilshopping.dk\/?product=climair-vindafvisere-til-ford-transit-2014-2-stk","title":{"rendered":"Climair Vindafvisere til Ford Transit 2014-, 2 stk."},"content":{"rendered":"<p>Produktid er <strong>3227<\/strong> og <strong>4011283195082<\/strong><\/p>\n<h2>Anmeldelse af Climair Vindafvisere til Ford Transit 2014-, 2 stk.<\/h2>\n<p>Se om vi har en <a href=\"https:\/\/bilshopping.dk\/592\">anmeldelse af Climair Vindafvisere til Ford Transit 2014-, 2 stk.<\/a>.<\/p>\n","protected":false},"excerpt":{"rendered":"<p>Vindafvisere Climair Arlux til siderunderne i lastbiler.<br \/>\nVindafviserne sikrer behagelig luftcirkulation i bilen uden at det giver tr\u00e6k. Climair er et kvalitetsprodukt, og fabrikken har et n\u00e6rtsamarbejde med de tyske bilproducenter og import\u00f8rer.<br \/>\nClimair e, Climair Vindafvisere til Ford Transit 2014-, 2 stk..<\/p>\n","protected":false},"featured_media":7578,"comment_status":"closed","ping_status":"open","template":"","meta":{"_kad_post_transparent":"","_kad_post_title":"","_kad_post_layout":"","_kad_post_sidebar_id":"","_kad_post_content_style":"","_kad_post_vertical_padding":"","_kad_post_feature":"","_kad_post_feature_position":"","_kad_post_header":false,"_kad_post_footer":false},"product_cat":[3207,3357],"product_tag":[2988,3209,3358],"brand":[],"class_list":{"0":"post-7577","1":"product","2":"type-product","3":"status-publish","4":"has-post-thumbnail","6":"product_cat-udvendig-tilbehoer","7":"product_cat-vindafvisere","8":"product_tag-los","9":"product_tag-udvendig-tilbehoer","10":"product_tag-vindafvisere","12":"first","13":"instock","14":"product-type-external","15":"entry","16":"content-bg","17":"loop-entry"},"_links":{"self":[{"href":"https:\/\/bilshopping.dk\/index.php?rest_route=\/wp\/v2\/product\/7577","targetHints":{"allow":["GET"]}}],"collection":[{"href":"https:\/\/bilshopping.dk\/index.php?rest_route=\/wp\/v2\/product"}],"about":[{"href":"https:\/\/bilshopping.dk\/index.php?rest_route=\/wp\/v2\/types\/product"}],"replies":[{"embeddable":true,"href":"https:\/\/bilshopping.dk\/index.php?rest_route=%2Fwp%2Fv2%2Fcomments&post=7577"}],"wp:featuredmedia":[{"embeddable":true,"href":"https:\/\/bilshopping.dk\/index.php?rest_route=\/wp\/v2\/media\/7578"}],"wp:attachment":[{"href":"https:\/\/bilshopping.dk\/index.php?rest_route=%2Fwp%2Fv2%2Fmedia&parent=7577"}],"wp:term":[{"taxonomy":"product_cat","embeddable":true,"href":"https:\/\/bilshopping.dk\/index.php?rest_route=%2Fwp%2Fv2%2Fproduct_cat&post=7577"},{"taxonomy":"product_tag","embeddable":true,"href":"https:\/\/bilshopping.dk\/index.php?rest_route=%2Fwp%2Fv2%2Fproduct_tag&post=7577"},{"taxonomy":"brand","embeddable":true,"href":"https:\/\/bilshopping.dk\/index.php?rest_route=%2Fwp%2Fv2%2Fbrand&post=7577"}],"curies":[{"name":"wp","href":"https:\/\/api.w.org\/{rel}","templated":true}]}}