{"id":7579,"date":"2023-06-23T19:43:17","date_gmt":"2023-06-23T17:43:17","guid":{"rendered":"https:\/\/bilshopping.dk\/produkt\/phonostik-hun-hun\/"},"modified":"2023-06-23T19:43:26","modified_gmt":"2023-06-23T17:43:26","slug":"phonostik-hun-hun","status":"publish","type":"product","link":"https:\/\/bilshopping.dk\/?product=phonostik-hun-hun","title":{"rendered":"Phonostik Hun->Hun"},"content":{"rendered":"<p>Produktid er <strong>3228<\/strong> og <strong>4026724710809<\/strong><\/p>\n<h2>Anmeldelse af Phonostik Hun->Hun<\/h2>\n<p>Se om vi har en <a href=\"https:\/\/bilshopping.dk\/592\">anmeldelse af Phonostik Hun->Hun<\/a>.<\/p>\n","protected":false},"excerpt":{"rendered":"<p>RCA-adapterstik<br \/>\nDisse guldbelagte RCA adapterstik giver en ekstra tilslutning af to RCA-kabler med hinanden.<br \/>\nDu kan kende den s\u00e6rlige kvalitet p\u00e5 stikkene ved den specielt h\u00e5rde kontaktflade, som forhindrer oxidering.<br \/>\nIndhold: 1 x r\u00f8d \/ 1 x sort., Phonostik Hun->Hun.<\/p>\n","protected":false},"featured_media":7580,"comment_status":"closed","ping_status":"open","template":"","meta":{"_kad_post_transparent":"","_kad_post_title":"","_kad_post_layout":"","_kad_post_sidebar_id":"","_kad_post_content_style":"","_kad_post_vertical_padding":"","_kad_post_feature":"","_kad_post_feature_position":"","_kad_post_header":false,"_kad_post_footer":false},"product_cat":[3162,3182],"product_tag":[3164,2988,3183],"brand":[],"class_list":{"0":"post-7579","1":"product","2":"type-product","3":"status-publish","4":"has-post-thumbnail","6":"product_cat-bilstereo","7":"product_cat-monteringsdele","8":"product_tag-bilstereo","9":"product_tag-los","10":"product_tag-monteringsdele","12":"first","13":"instock","14":"product-type-external","15":"entry","16":"content-bg","17":"loop-entry"},"_links":{"self":[{"href":"https:\/\/bilshopping.dk\/index.php?rest_route=\/wp\/v2\/product\/7579","targetHints":{"allow":["GET"]}}],"collection":[{"href":"https:\/\/bilshopping.dk\/index.php?rest_route=\/wp\/v2\/product"}],"about":[{"href":"https:\/\/bilshopping.dk\/index.php?rest_route=\/wp\/v2\/types\/product"}],"replies":[{"embeddable":true,"href":"https:\/\/bilshopping.dk\/index.php?rest_route=%2Fwp%2Fv2%2Fcomments&post=7579"}],"wp:featuredmedia":[{"embeddable":true,"href":"https:\/\/bilshopping.dk\/index.php?rest_route=\/wp\/v2\/media\/7580"}],"wp:attachment":[{"href":"https:\/\/bilshopping.dk\/index.php?rest_route=%2Fwp%2Fv2%2Fmedia&parent=7579"}],"wp:term":[{"taxonomy":"product_cat","embeddable":true,"href":"https:\/\/bilshopping.dk\/index.php?rest_route=%2Fwp%2Fv2%2Fproduct_cat&post=7579"},{"taxonomy":"product_tag","embeddable":true,"href":"https:\/\/bilshopping.dk\/index.php?rest_route=%2Fwp%2Fv2%2Fproduct_tag&post=7579"},{"taxonomy":"brand","embeddable":true,"href":"https:\/\/bilshopping.dk\/index.php?rest_route=%2Fwp%2Fv2%2Fbrand&post=7579"}],"curies":[{"name":"wp","href":"https:\/\/api.w.org\/{rel}","templated":true}]}}