{"id":7581,"date":"2023-06-23T19:43:17","date_gmt":"2023-06-23T17:43:17","guid":{"rendered":"https:\/\/bilshopping.dk\/produkt\/acv-y-phonokabel-exclusive-2-han-4-hun\/"},"modified":"2023-06-23T19:43:27","modified_gmt":"2023-06-23T17:43:27","slug":"acv-y-phonokabel-exclusive-2-han-4-hun","status":"publish","type":"product","link":"https:\/\/bilshopping.dk\/?product=acv-y-phonokabel-exclusive-2-han-4-hun","title":{"rendered":"ACV Y-Phonokabel Exclusive 2 Han->4 Hun"},"content":{"rendered":"<p>Produktid er <strong>3229<\/strong> og <strong>4026724134964<\/strong><\/p>\n<h2>Anmeldelse af ACV Y-Phonokabel Exclusive 2 Han->4 Hun<\/h2>\n<p>Se om vi har en <a href=\"https:\/\/bilshopping.dk\/592\">anmeldelse af ACV Y-Phonokabel Exclusive 2 Han->4 Hun<\/a>.<\/p>\n","protected":false},"excerpt":{"rendered":"<p>MODEL EXCLUSIVE.<br \/>\nUnikt High-end kabel til den kr\u00e6sne lydentusiast. Fremstillet i ilt-fri kobber, med stik af solidt aluminium og &#8220;pin&#8221; af massiv messing. Snoet kabel for enest\u00e5ende lydkvalitet, i fleksibel bekl\u00e6dning for nem installation. Y-splitter, s\u00e6t, ACV Y-Phonokabel Exclusive 2 Han->4 Hun.<\/p>\n","protected":false},"featured_media":7582,"comment_status":"closed","ping_status":"open","template":"","meta":{"_kad_post_transparent":"","_kad_post_title":"","_kad_post_layout":"","_kad_post_sidebar_id":"","_kad_post_content_style":"","_kad_post_vertical_padding":"","_kad_post_feature":"","_kad_post_feature_position":"","_kad_post_header":false,"_kad_post_footer":false},"product_cat":[3162,3182],"product_tag":[3164,2988,3183],"brand":[],"class_list":{"0":"post-7581","1":"product","2":"type-product","3":"status-publish","4":"has-post-thumbnail","6":"product_cat-bilstereo","7":"product_cat-monteringsdele","8":"product_tag-bilstereo","9":"product_tag-los","10":"product_tag-monteringsdele","12":"first","13":"instock","14":"product-type-external","15":"entry","16":"content-bg","17":"loop-entry"},"_links":{"self":[{"href":"https:\/\/bilshopping.dk\/index.php?rest_route=\/wp\/v2\/product\/7581","targetHints":{"allow":["GET"]}}],"collection":[{"href":"https:\/\/bilshopping.dk\/index.php?rest_route=\/wp\/v2\/product"}],"about":[{"href":"https:\/\/bilshopping.dk\/index.php?rest_route=\/wp\/v2\/types\/product"}],"replies":[{"embeddable":true,"href":"https:\/\/bilshopping.dk\/index.php?rest_route=%2Fwp%2Fv2%2Fcomments&post=7581"}],"wp:featuredmedia":[{"embeddable":true,"href":"https:\/\/bilshopping.dk\/index.php?rest_route=\/wp\/v2\/media\/7582"}],"wp:attachment":[{"href":"https:\/\/bilshopping.dk\/index.php?rest_route=%2Fwp%2Fv2%2Fmedia&parent=7581"}],"wp:term":[{"taxonomy":"product_cat","embeddable":true,"href":"https:\/\/bilshopping.dk\/index.php?rest_route=%2Fwp%2Fv2%2Fproduct_cat&post=7581"},{"taxonomy":"product_tag","embeddable":true,"href":"https:\/\/bilshopping.dk\/index.php?rest_route=%2Fwp%2Fv2%2Fproduct_tag&post=7581"},{"taxonomy":"brand","embeddable":true,"href":"https:\/\/bilshopping.dk\/index.php?rest_route=%2Fwp%2Fv2%2Fbrand&post=7581"}],"curies":[{"name":"wp","href":"https:\/\/api.w.org\/{rel}","templated":true}]}}