{"id":7609,"date":"2023-06-23T19:43:35","date_gmt":"2023-06-23T17:43:35","guid":{"rendered":"https:\/\/bilshopping.dk\/produkt\/bosch-aerotwin-plus-650-mm-26-forrudeviskerblad\/"},"modified":"2023-06-23T19:43:39","modified_gmt":"2023-06-23T17:43:39","slug":"bosch-aerotwin-plus-650-mm-26-forrudeviskerblad","status":"publish","type":"product","link":"https:\/\/bilshopping.dk\/?product=bosch-aerotwin-plus-650-mm-26-forrudeviskerblad","title":{"rendered":"Bosch Aerotwin Plus 650 mm \/ 26&#8243; forrudeviskerblad"},"content":{"rendered":"<p>Produktid er <strong>3243<\/strong> og <strong>4047025127615<\/strong><\/p>\n<h2>Anmeldelse af Bosch Aerotwin Plus 650 mm \/ 26&#8243; forrudeviskerblad<\/h2>\n<p>Se om vi har en <a href=\"https:\/\/bilshopping.dk\/592\">anmeldelse af Bosch Aerotwin Plus 650 mm \/ 26&#8243; forrudeviskerblad<\/a>.<\/p>\n","protected":false},"excerpt":{"rendered":"<p>Selv ved h\u00f8je hastigheder kan man stole p\u00e5 Aerotwin Plus.<br \/>\nDet aerodynamiske design garanterer optimale synsforhold &#8211; ogs\u00e5 ved kr\u00e6vende vejrforhold.<br \/>\nDen skr\u00e6ddersyede fjederskinne s\u00f8rger for h\u00f8jeste viskekvalitet &#8211; overalt p\u00e5 ruden.<br \/>\nSpecifikationer:<br \/>\n\tForru, Bosch Aerotwin Plus 650 mm \/ 26&#8243; forrudeviskerblad.<\/p>\n","protected":false},"featured_media":7610,"comment_status":"closed","ping_status":"open","template":"","meta":{"_kad_post_transparent":"","_kad_post_title":"","_kad_post_layout":"","_kad_post_sidebar_id":"","_kad_post_content_style":"","_kad_post_vertical_padding":"","_kad_post_feature":"","_kad_post_feature_position":"","_kad_post_header":false,"_kad_post_footer":false},"product_cat":[3207,3241],"product_tag":[2988,3209,3242],"brand":[],"class_list":{"0":"post-7609","1":"product","2":"type-product","3":"status-publish","4":"has-post-thumbnail","6":"product_cat-udvendig-tilbehoer","7":"product_cat-viskerblade","8":"product_tag-los","9":"product_tag-udvendig-tilbehoer","10":"product_tag-viskerblade","12":"first","13":"instock","14":"product-type-external","15":"entry","16":"content-bg","17":"loop-entry"},"_links":{"self":[{"href":"https:\/\/bilshopping.dk\/index.php?rest_route=\/wp\/v2\/product\/7609","targetHints":{"allow":["GET"]}}],"collection":[{"href":"https:\/\/bilshopping.dk\/index.php?rest_route=\/wp\/v2\/product"}],"about":[{"href":"https:\/\/bilshopping.dk\/index.php?rest_route=\/wp\/v2\/types\/product"}],"replies":[{"embeddable":true,"href":"https:\/\/bilshopping.dk\/index.php?rest_route=%2Fwp%2Fv2%2Fcomments&post=7609"}],"wp:featuredmedia":[{"embeddable":true,"href":"https:\/\/bilshopping.dk\/index.php?rest_route=\/wp\/v2\/media\/7610"}],"wp:attachment":[{"href":"https:\/\/bilshopping.dk\/index.php?rest_route=%2Fwp%2Fv2%2Fmedia&parent=7609"}],"wp:term":[{"taxonomy":"product_cat","embeddable":true,"href":"https:\/\/bilshopping.dk\/index.php?rest_route=%2Fwp%2Fv2%2Fproduct_cat&post=7609"},{"taxonomy":"product_tag","embeddable":true,"href":"https:\/\/bilshopping.dk\/index.php?rest_route=%2Fwp%2Fv2%2Fproduct_tag&post=7609"},{"taxonomy":"brand","embeddable":true,"href":"https:\/\/bilshopping.dk\/index.php?rest_route=%2Fwp%2Fv2%2Fbrand&post=7609"}],"curies":[{"name":"wp","href":"https:\/\/api.w.org\/{rel}","templated":true}]}}