{"id":7621,"date":"2023-06-23T19:43:35","date_gmt":"2023-06-23T17:43:35","guid":{"rendered":"https:\/\/bilshopping.dk\/produkt\/tragtsaet-med-4-tragte\/"},"modified":"2023-06-23T19:43:43","modified_gmt":"2023-06-23T17:43:43","slug":"tragtsaet-med-4-tragte","status":"publish","type":"product","link":"https:\/\/bilshopping.dk\/?product=tragtsaet-med-4-tragte","title":{"rendered":"Tragts\u00e6t med 4 tragte"},"content":{"rendered":"<p>Produktid er <strong>3249<\/strong> og <strong>8711293011360<\/strong><\/p>\n<h2>Anmeldelse af Tragts\u00e6t med 4 tragte<\/h2>\n<p>Se om vi har en <a href=\"https:\/\/bilshopping.dk\/592\">anmeldelse af Tragts\u00e6t med 4 tragte<\/a>.<\/p>\n","protected":false},"excerpt":{"rendered":"<p>S\u00e6t med fire tragte i forskellige st\u00f8rrelser, men forskellige anvendelsesform\u00e5l., Tragts\u00e6t med 4 tragte.<\/p>\n","protected":false},"featured_media":7622,"comment_status":"closed","ping_status":"open","template":"","meta":{"_kad_post_transparent":"","_kad_post_title":"","_kad_post_layout":"","_kad_post_sidebar_id":"","_kad_post_content_style":"","_kad_post_vertical_padding":"","_kad_post_feature":"","_kad_post_feature_position":"","_kad_post_header":false,"_kad_post_footer":false},"product_cat":[3243],"product_tag":[2988,3244],"brand":[],"class_list":{"0":"post-7621","1":"product","2":"type-product","3":"status-publish","4":"has-post-thumbnail","6":"product_cat-vaerktoej","7":"product_tag-los","8":"product_tag-vaerktoej","10":"first","11":"instock","12":"product-type-external","13":"entry","14":"content-bg","15":"loop-entry"},"_links":{"self":[{"href":"https:\/\/bilshopping.dk\/index.php?rest_route=\/wp\/v2\/product\/7621","targetHints":{"allow":["GET"]}}],"collection":[{"href":"https:\/\/bilshopping.dk\/index.php?rest_route=\/wp\/v2\/product"}],"about":[{"href":"https:\/\/bilshopping.dk\/index.php?rest_route=\/wp\/v2\/types\/product"}],"replies":[{"embeddable":true,"href":"https:\/\/bilshopping.dk\/index.php?rest_route=%2Fwp%2Fv2%2Fcomments&post=7621"}],"wp:featuredmedia":[{"embeddable":true,"href":"https:\/\/bilshopping.dk\/index.php?rest_route=\/wp\/v2\/media\/7622"}],"wp:attachment":[{"href":"https:\/\/bilshopping.dk\/index.php?rest_route=%2Fwp%2Fv2%2Fmedia&parent=7621"}],"wp:term":[{"taxonomy":"product_cat","embeddable":true,"href":"https:\/\/bilshopping.dk\/index.php?rest_route=%2Fwp%2Fv2%2Fproduct_cat&post=7621"},{"taxonomy":"product_tag","embeddable":true,"href":"https:\/\/bilshopping.dk\/index.php?rest_route=%2Fwp%2Fv2%2Fproduct_tag&post=7621"},{"taxonomy":"brand","embeddable":true,"href":"https:\/\/bilshopping.dk\/index.php?rest_route=%2Fwp%2Fv2%2Fbrand&post=7621"}],"curies":[{"name":"wp","href":"https:\/\/api.w.org\/{rel}","templated":true}]}}