{"id":7628,"date":"2023-06-23T19:43:35","date_gmt":"2023-06-23T17:43:35","guid":{"rendered":"https:\/\/bilshopping.dk\/produkt\/ctek-multistik-med-8-mm-kabelsko\/"},"modified":"2023-06-23T19:43:45","modified_gmt":"2023-06-23T17:43:45","slug":"ctek-multistik-med-8-mm-kabelsko","status":"publish","type":"product","link":"https:\/\/bilshopping.dk\/?product=ctek-multistik-med-8-mm-kabelsko","title":{"rendered":"CTEK Multistik  med 8 mm kabelsko"},"content":{"rendered":"<p>Produktid er <strong>3253<\/strong> og <strong>7350009562614<\/strong><\/p>\n<h2>Anmeldelse af CTEK Multistik  med 8 mm kabelsko<\/h2>\n<p>Se om vi har en <a href=\"https:\/\/bilshopping.dk\/592\">anmeldelse af CTEK Multistik  med 8 mm kabelsko<\/a>.<\/p>\n","protected":false},"excerpt":{"rendered":"<p>Et praktisk kvikstik til de batterier, der er sv\u00e6rt tilg\u00e6ngelige eller skjulte. \u00d8jeterminalerne er monteret p\u00e5 batteriet og giver ubesv\u00e6ret tilslutningsmulighed uden at skulle n\u00e5 ind til selve batteriet.<br \/>\nComfort Connect  &#8211;  Eyelet er tilg\u00e6ngelig i tre for, CTEK Multistik  med 8 mm kabelsko.<\/p>\n","protected":false},"featured_media":7629,"comment_status":"closed","ping_status":"open","template":"","meta":{"_kad_post_transparent":"","_kad_post_title":"","_kad_post_layout":"","_kad_post_sidebar_id":"","_kad_post_content_style":"","_kad_post_vertical_padding":"","_kad_post_feature":"","_kad_post_feature_position":"","_kad_post_header":false,"_kad_post_footer":false},"product_cat":[3331,3211],"product_tag":[3330,3213,2988],"brand":[],"class_list":{"0":"post-7628","1":"product","2":"type-product","3":"status-publish","4":"has-post-thumbnail","6":"product_cat-diverse-indvendig-tilbehoer","7":"product_cat-indvendig-tilbehoer","8":"product_tag-diverse","9":"product_tag-indvendig-tilbehoer","10":"product_tag-los","12":"first","13":"instock","14":"product-type-external","15":"entry","16":"content-bg","17":"loop-entry"},"_links":{"self":[{"href":"https:\/\/bilshopping.dk\/index.php?rest_route=\/wp\/v2\/product\/7628","targetHints":{"allow":["GET"]}}],"collection":[{"href":"https:\/\/bilshopping.dk\/index.php?rest_route=\/wp\/v2\/product"}],"about":[{"href":"https:\/\/bilshopping.dk\/index.php?rest_route=\/wp\/v2\/types\/product"}],"replies":[{"embeddable":true,"href":"https:\/\/bilshopping.dk\/index.php?rest_route=%2Fwp%2Fv2%2Fcomments&post=7628"}],"wp:featuredmedia":[{"embeddable":true,"href":"https:\/\/bilshopping.dk\/index.php?rest_route=\/wp\/v2\/media\/7629"}],"wp:attachment":[{"href":"https:\/\/bilshopping.dk\/index.php?rest_route=%2Fwp%2Fv2%2Fmedia&parent=7628"}],"wp:term":[{"taxonomy":"product_cat","embeddable":true,"href":"https:\/\/bilshopping.dk\/index.php?rest_route=%2Fwp%2Fv2%2Fproduct_cat&post=7628"},{"taxonomy":"product_tag","embeddable":true,"href":"https:\/\/bilshopping.dk\/index.php?rest_route=%2Fwp%2Fv2%2Fproduct_tag&post=7628"},{"taxonomy":"brand","embeddable":true,"href":"https:\/\/bilshopping.dk\/index.php?rest_route=%2Fwp%2Fv2%2Fbrand&post=7628"}],"curies":[{"name":"wp","href":"https:\/\/api.w.org\/{rel}","templated":true}]}}