{"id":7634,"date":"2023-06-23T19:43:48","date_gmt":"2023-06-23T17:43:48","guid":{"rendered":"https:\/\/bilshopping.dk\/produkt\/meta-systems-parkeringskit-m-udvendige-digitale-sensor\/"},"modified":"2023-06-23T19:43:50","modified_gmt":"2023-06-23T17:43:50","slug":"meta-systems-parkeringskit-m-udvendige-digitale-sensor","status":"publish","type":"product","link":"https:\/\/bilshopping.dk\/?product=meta-systems-parkeringskit-m-udvendige-digitale-sensor","title":{"rendered":"Meta Systems Parkeringskit m. udvendige digitale sensor"},"content":{"rendered":"<p>Produktid er <strong>3256<\/strong> og <strong><\/strong><\/p>\n<h2>Anmeldelse af Meta Systems Parkeringskit m. udvendige digitale sensor<\/h2>\n<p>Se om vi har en <a href=\"https:\/\/bilshopping.dk\/592\">anmeldelse af Meta Systems Parkeringskit m. udvendige digitale sensor<\/a>.<\/p>\n","protected":false},"excerpt":{"rendered":"<p>Der er tale om det ypperste indenfor parkeringssystemer, hvor man kan lave f\u00f8lgende specialfunktioner, hvis det \u00f8nskes, og alt dette kan f.eks \u00e6ndres via en lille tester.<br \/>\nLav en zone omkring anh\u00e6ngertr\u00e6k, s\u00e5 man undg\u00e5r alarm ved trailer-tilkobling. Juster, Meta Systems Parkeringskit m. udvendige digitale sensor.<\/p>\n","protected":false},"featured_media":7635,"comment_status":"closed","ping_status":"open","template":"","meta":{"_kad_post_transparent":"","_kad_post_title":"","_kad_post_layout":"","_kad_post_sidebar_id":"","_kad_post_content_style":"","_kad_post_vertical_padding":"","_kad_post_feature":"","_kad_post_feature_position":"","_kad_post_header":false,"_kad_post_footer":false},"product_cat":[3329,3207],"product_tag":[3330,2988,3209],"brand":[],"class_list":{"0":"post-7634","1":"product","2":"type-product","3":"status-publish","4":"has-post-thumbnail","6":"product_cat-diverse","7":"product_cat-udvendig-tilbehoer","8":"product_tag-diverse","9":"product_tag-los","10":"product_tag-udvendig-tilbehoer","12":"first","13":"instock","14":"sale","15":"product-type-external","16":"entry","17":"content-bg","18":"loop-entry"},"_links":{"self":[{"href":"https:\/\/bilshopping.dk\/index.php?rest_route=\/wp\/v2\/product\/7634","targetHints":{"allow":["GET"]}}],"collection":[{"href":"https:\/\/bilshopping.dk\/index.php?rest_route=\/wp\/v2\/product"}],"about":[{"href":"https:\/\/bilshopping.dk\/index.php?rest_route=\/wp\/v2\/types\/product"}],"replies":[{"embeddable":true,"href":"https:\/\/bilshopping.dk\/index.php?rest_route=%2Fwp%2Fv2%2Fcomments&post=7634"}],"wp:featuredmedia":[{"embeddable":true,"href":"https:\/\/bilshopping.dk\/index.php?rest_route=\/wp\/v2\/media\/7635"}],"wp:attachment":[{"href":"https:\/\/bilshopping.dk\/index.php?rest_route=%2Fwp%2Fv2%2Fmedia&parent=7634"}],"wp:term":[{"taxonomy":"product_cat","embeddable":true,"href":"https:\/\/bilshopping.dk\/index.php?rest_route=%2Fwp%2Fv2%2Fproduct_cat&post=7634"},{"taxonomy":"product_tag","embeddable":true,"href":"https:\/\/bilshopping.dk\/index.php?rest_route=%2Fwp%2Fv2%2Fproduct_tag&post=7634"},{"taxonomy":"brand","embeddable":true,"href":"https:\/\/bilshopping.dk\/index.php?rest_route=%2Fwp%2Fv2%2Fbrand&post=7634"}],"curies":[{"name":"wp","href":"https:\/\/api.w.org\/{rel}","templated":true}]}}