{"id":7636,"date":"2023-06-23T19:43:48","date_gmt":"2023-06-23T17:43:48","guid":{"rendered":"https:\/\/bilshopping.dk\/produkt\/meta-system-mk51-wi-3-0-startspaerre-modul-til-t30\/"},"modified":"2023-06-23T19:43:50","modified_gmt":"2023-06-23T17:43:50","slug":"meta-system-mk51-wi-3-0-startspaerre-modul-til-t30","status":"publish","type":"product","link":"https:\/\/bilshopping.dk\/?product=meta-system-mk51-wi-3-0-startspaerre-modul-til-t30","title":{"rendered":"Meta System MK51 Wi 3.0  Startsp\u00e6rre modul til T30"},"content":{"rendered":"<p>Produktid er <strong>3258<\/strong> og <strong><\/strong><\/p>\n<h2>Anmeldelse af Meta System MK51 Wi 3.0  Startsp\u00e6rre modul til T30<\/h2>\n<p>Se om vi har en <a href=\"https:\/\/bilshopping.dk\/592\">anmeldelse af Meta System MK51 Wi 3.0  Startsp\u00e6rre modul til T30<\/a>.<\/p>\n","protected":false},"excerpt":{"rendered":"<p>Model til 1 kreds motorblokering i forbindelse med Meta traker T30.<br \/>\nN\u00e5r man aktiverer motorblokering p\u00e5 sin app grundet tyveri eller nogen k\u00f8rer for hurtigt i et k\u00f8ret\u00f8j, vil bilen s\u00e5 snart t\u00e6nding er taget fra ikke kunne starte igen, f\u00f8r deaktivering fra, Meta System MK51 Wi 3.0  Startsp\u00e6rre modul til T30.<\/p>\n","protected":false},"featured_media":7637,"comment_status":"closed","ping_status":"open","template":"","meta":{"_kad_post_transparent":"","_kad_post_title":"","_kad_post_layout":"","_kad_post_sidebar_id":"","_kad_post_content_style":"","_kad_post_vertical_padding":"","_kad_post_feature":"","_kad_post_feature_position":"","_kad_post_header":false,"_kad_post_footer":false},"product_cat":[3211,3217],"product_tag":[3213,2988,3218],"brand":[],"class_list":{"0":"post-7636","1":"product","2":"type-product","3":"status-publish","4":"has-post-thumbnail","6":"product_cat-indvendig-tilbehoer","7":"product_cat-tracking-alarm","8":"product_tag-indvendig-tilbehoer","9":"product_tag-los","10":"product_tag-tracking-alarm","12":"first","13":"instock","14":"sale","15":"product-type-external","16":"entry","17":"content-bg","18":"loop-entry"},"_links":{"self":[{"href":"https:\/\/bilshopping.dk\/index.php?rest_route=\/wp\/v2\/product\/7636","targetHints":{"allow":["GET"]}}],"collection":[{"href":"https:\/\/bilshopping.dk\/index.php?rest_route=\/wp\/v2\/product"}],"about":[{"href":"https:\/\/bilshopping.dk\/index.php?rest_route=\/wp\/v2\/types\/product"}],"replies":[{"embeddable":true,"href":"https:\/\/bilshopping.dk\/index.php?rest_route=%2Fwp%2Fv2%2Fcomments&post=7636"}],"wp:featuredmedia":[{"embeddable":true,"href":"https:\/\/bilshopping.dk\/index.php?rest_route=\/wp\/v2\/media\/7637"}],"wp:attachment":[{"href":"https:\/\/bilshopping.dk\/index.php?rest_route=%2Fwp%2Fv2%2Fmedia&parent=7636"}],"wp:term":[{"taxonomy":"product_cat","embeddable":true,"href":"https:\/\/bilshopping.dk\/index.php?rest_route=%2Fwp%2Fv2%2Fproduct_cat&post=7636"},{"taxonomy":"product_tag","embeddable":true,"href":"https:\/\/bilshopping.dk\/index.php?rest_route=%2Fwp%2Fv2%2Fproduct_tag&post=7636"},{"taxonomy":"brand","embeddable":true,"href":"https:\/\/bilshopping.dk\/index.php?rest_route=%2Fwp%2Fv2%2Fbrand&post=7636"}],"curies":[{"name":"wp","href":"https:\/\/api.w.org\/{rel}","templated":true}]}}