{"id":7650,"date":"2023-06-23T19:43:48","date_gmt":"2023-06-23T17:43:48","guid":{"rendered":"https:\/\/bilshopping.dk\/produkt\/gummirulle-til-silent-coat-50-mm\/"},"modified":"2023-06-23T19:43:56","modified_gmt":"2023-06-23T17:43:56","slug":"gummirulle-til-silent-coat-50-mm","status":"publish","type":"product","link":"https:\/\/bilshopping.dk\/?product=gummirulle-til-silent-coat-50-mm","title":{"rendered":"Gummirulle Til Silent Coat &#8211; 50 mm"},"content":{"rendered":"<p>Produktid er <strong>3268<\/strong> og <strong><\/strong><\/p>\n<h2>Anmeldelse af Gummirulle Til Silent Coat &#8211; 50 mm<\/h2>\n<p>Se om vi har en <a href=\"https:\/\/bilshopping.dk\/592\">anmeldelse af Gummirulle Til Silent Coat &#8211; 50 mm<\/a>.<\/p>\n","protected":false},"excerpt":{"rendered":"<p>Gummirulle til Silent Coat for at f\u00e5 den bedste montering og st\u00f8rste vedh\u00e6ftning.<br \/>\n50 mm bred rulle.<br \/>\n\u00c2\u00a0<br \/>\n\u00c2\u00a0, Gummirulle Til Silent Coat &#8211; 50 mm.<\/p>\n","protected":false},"featured_media":7651,"comment_status":"closed","ping_status":"open","template":"","meta":{"_kad_post_transparent":"","_kad_post_title":"","_kad_post_layout":"","_kad_post_sidebar_id":"","_kad_post_content_style":"","_kad_post_vertical_padding":"","_kad_post_feature":"","_kad_post_feature_position":"","_kad_post_header":false,"_kad_post_footer":false},"product_cat":[3162,3182],"product_tag":[3164,2988,3183],"brand":[],"class_list":{"0":"post-7650","1":"product","2":"type-product","3":"status-publish","4":"has-post-thumbnail","6":"product_cat-bilstereo","7":"product_cat-monteringsdele","8":"product_tag-bilstereo","9":"product_tag-los","10":"product_tag-monteringsdele","12":"first","13":"instock","14":"product-type-external","15":"entry","16":"content-bg","17":"loop-entry"},"_links":{"self":[{"href":"https:\/\/bilshopping.dk\/index.php?rest_route=\/wp\/v2\/product\/7650","targetHints":{"allow":["GET"]}}],"collection":[{"href":"https:\/\/bilshopping.dk\/index.php?rest_route=\/wp\/v2\/product"}],"about":[{"href":"https:\/\/bilshopping.dk\/index.php?rest_route=\/wp\/v2\/types\/product"}],"replies":[{"embeddable":true,"href":"https:\/\/bilshopping.dk\/index.php?rest_route=%2Fwp%2Fv2%2Fcomments&post=7650"}],"wp:featuredmedia":[{"embeddable":true,"href":"https:\/\/bilshopping.dk\/index.php?rest_route=\/wp\/v2\/media\/7651"}],"wp:attachment":[{"href":"https:\/\/bilshopping.dk\/index.php?rest_route=%2Fwp%2Fv2%2Fmedia&parent=7650"}],"wp:term":[{"taxonomy":"product_cat","embeddable":true,"href":"https:\/\/bilshopping.dk\/index.php?rest_route=%2Fwp%2Fv2%2Fproduct_cat&post=7650"},{"taxonomy":"product_tag","embeddable":true,"href":"https:\/\/bilshopping.dk\/index.php?rest_route=%2Fwp%2Fv2%2Fproduct_tag&post=7650"},{"taxonomy":"brand","embeddable":true,"href":"https:\/\/bilshopping.dk\/index.php?rest_route=%2Fwp%2Fv2%2Fbrand&post=7650"}],"curies":[{"name":"wp","href":"https:\/\/api.w.org\/{rel}","templated":true}]}}