{"id":7658,"date":"2023-06-23T19:43:48","date_gmt":"2023-06-23T17:43:48","guid":{"rendered":"https:\/\/bilshopping.dk\/produkt\/frontrudedaekken-graa-70x110-156-cm\/"},"modified":"2023-06-23T19:43:58","modified_gmt":"2023-06-23T17:43:58","slug":"frontrudedaekken-graa-70x110-156-cm","status":"publish","type":"product","link":"https:\/\/bilshopping.dk\/?product=frontrudedaekken-graa-70x110-156-cm","title":{"rendered":"Frontruded\u00e6kken gr\u00e5 70&#215;110-156 cm"},"content":{"rendered":"<p>Produktid er <strong>3272<\/strong> og <strong>5904898531958<\/strong><\/p>\n<h2>Anmeldelse af Frontruded\u00e6kken gr\u00e5 70&#215;110-156 cm<\/h2>\n<p>Se om vi har en <a href=\"https:\/\/bilshopping.dk\/592\">anmeldelse af Frontruded\u00e6kken gr\u00e5 70&#215;110-156 cm<\/a>.<\/p>\n","protected":false},"excerpt":{"rendered":"<p>Frontruded\u00e6kken som beskytter forruden mod sne og is om vinteren og forhindrer bilen i at blive stegende hed i sommersolen.<br \/>\nSpecifikationer:<br \/>\n\tM\u00e5l: 70 x 110->156 cm.<br \/>\n\tFarve: gr\u00e5., Frontruded\u00e6kken gr\u00e5 70&#215;110-156 cm.<\/p>\n","protected":false},"featured_media":7659,"comment_status":"closed","ping_status":"open","template":"","meta":{"_kad_post_transparent":"","_kad_post_title":"","_kad_post_layout":"","_kad_post_sidebar_id":"","_kad_post_content_style":"","_kad_post_vertical_padding":"","_kad_post_feature":"","_kad_post_feature_position":"","_kad_post_header":false,"_kad_post_footer":false},"product_cat":[3280,3207],"product_tag":[3281,2988,3209],"brand":[],"class_list":{"0":"post-7658","1":"product","2":"type-product","3":"status-publish","4":"has-post-thumbnail","6":"product_cat-bilovertraek","7":"product_cat-udvendig-tilbehoer","8":"product_tag-bilovertraek","9":"product_tag-los","10":"product_tag-udvendig-tilbehoer","12":"first","13":"instock","14":"product-type-external","15":"entry","16":"content-bg","17":"loop-entry"},"_links":{"self":[{"href":"https:\/\/bilshopping.dk\/index.php?rest_route=\/wp\/v2\/product\/7658","targetHints":{"allow":["GET"]}}],"collection":[{"href":"https:\/\/bilshopping.dk\/index.php?rest_route=\/wp\/v2\/product"}],"about":[{"href":"https:\/\/bilshopping.dk\/index.php?rest_route=\/wp\/v2\/types\/product"}],"replies":[{"embeddable":true,"href":"https:\/\/bilshopping.dk\/index.php?rest_route=%2Fwp%2Fv2%2Fcomments&post=7658"}],"wp:featuredmedia":[{"embeddable":true,"href":"https:\/\/bilshopping.dk\/index.php?rest_route=\/wp\/v2\/media\/7659"}],"wp:attachment":[{"href":"https:\/\/bilshopping.dk\/index.php?rest_route=%2Fwp%2Fv2%2Fmedia&parent=7658"}],"wp:term":[{"taxonomy":"product_cat","embeddable":true,"href":"https:\/\/bilshopping.dk\/index.php?rest_route=%2Fwp%2Fv2%2Fproduct_cat&post=7658"},{"taxonomy":"product_tag","embeddable":true,"href":"https:\/\/bilshopping.dk\/index.php?rest_route=%2Fwp%2Fv2%2Fproduct_tag&post=7658"},{"taxonomy":"brand","embeddable":true,"href":"https:\/\/bilshopping.dk\/index.php?rest_route=%2Fwp%2Fv2%2Fbrand&post=7658"}],"curies":[{"name":"wp","href":"https:\/\/api.w.org\/{rel}","templated":true}]}}