{"id":7662,"date":"2023-06-23T19:43:48","date_gmt":"2023-06-23T17:43:48","guid":{"rendered":"https:\/\/bilshopping.dk\/produkt\/housegard-lithium-slukkespray-avd-500-ml\/"},"modified":"2023-06-23T19:44:00","modified_gmt":"2023-06-23T17:44:00","slug":"housegard-lithium-slukkespray-avd-500-ml","status":"publish","type":"product","link":"https:\/\/bilshopping.dk\/?product=housegard-lithium-slukkespray-avd-500-ml","title":{"rendered":"Housegard Lithium slukkespray AVD 500 ml"},"content":{"rendered":"<p>Produktid er <strong>3274<\/strong> og <strong>7320896001220<\/strong><\/p>\n<h2>Anmeldelse af Housegard Lithium slukkespray AVD 500 ml<\/h2>\n<p>Se om vi har en <a href=\"https:\/\/bilshopping.dk\/592\">anmeldelse af Housegard Lithium slukkespray AVD 500 ml<\/a>.<\/p>\n","protected":false},"excerpt":{"rendered":"<p>Housegard Lith-EX slukkespray AVD, 500 ml<br \/>\nLith-EX er specielt udviklet til at bek\u00e6mpe lithium-ion batteribrande af begr\u00e6nset st\u00f8rrelse. I brandslukkerne bruges et milj\u00f8venligt slukkemiddel, AVD, som fremstilles af naturligt forekommende vermikulit.<br \/>\n\tTeste, Housegard Lithium slukkespray AVD 500 ml.<\/p>\n","protected":false},"featured_media":7663,"comment_status":"closed","ping_status":"open","template":"","meta":{"_kad_post_transparent":"","_kad_post_title":"","_kad_post_layout":"","_kad_post_sidebar_id":"","_kad_post_content_style":"","_kad_post_vertical_padding":"","_kad_post_feature":"","_kad_post_feature_position":"","_kad_post_header":false,"_kad_post_footer":false},"product_cat":[3211,3327],"product_tag":[3213,2988,3328],"brand":[],"class_list":{"0":"post-7662","1":"product","2":"type-product","3":"status-publish","4":"has-post-thumbnail","6":"product_cat-indvendig-tilbehoer","7":"product_cat-sikkerhed","8":"product_tag-indvendig-tilbehoer","9":"product_tag-los","10":"product_tag-sikkerhed","12":"first","13":"instock","14":"product-type-external","15":"entry","16":"content-bg","17":"loop-entry"},"_links":{"self":[{"href":"https:\/\/bilshopping.dk\/index.php?rest_route=\/wp\/v2\/product\/7662","targetHints":{"allow":["GET"]}}],"collection":[{"href":"https:\/\/bilshopping.dk\/index.php?rest_route=\/wp\/v2\/product"}],"about":[{"href":"https:\/\/bilshopping.dk\/index.php?rest_route=\/wp\/v2\/types\/product"}],"replies":[{"embeddable":true,"href":"https:\/\/bilshopping.dk\/index.php?rest_route=%2Fwp%2Fv2%2Fcomments&post=7662"}],"wp:featuredmedia":[{"embeddable":true,"href":"https:\/\/bilshopping.dk\/index.php?rest_route=\/wp\/v2\/media\/7663"}],"wp:attachment":[{"href":"https:\/\/bilshopping.dk\/index.php?rest_route=%2Fwp%2Fv2%2Fmedia&parent=7662"}],"wp:term":[{"taxonomy":"product_cat","embeddable":true,"href":"https:\/\/bilshopping.dk\/index.php?rest_route=%2Fwp%2Fv2%2Fproduct_cat&post=7662"},{"taxonomy":"product_tag","embeddable":true,"href":"https:\/\/bilshopping.dk\/index.php?rest_route=%2Fwp%2Fv2%2Fproduct_tag&post=7662"},{"taxonomy":"brand","embeddable":true,"href":"https:\/\/bilshopping.dk\/index.php?rest_route=%2Fwp%2Fv2%2Fbrand&post=7662"}],"curies":[{"name":"wp","href":"https:\/\/api.w.org\/{rel}","templated":true}]}}